{"id":2112,"date":"2025-09-30T10:46:26","date_gmt":"2025-09-30T08:46:26","guid":{"rendered":"https:\/\/staging.nuevaaspla.eurocastaliahost4.com\/?page_id=2112"},"modified":"2025-12-05T12:42:04","modified_gmt":"2025-12-05T11:42:04","slug":"politique-daccessibilite","status":"publish","type":"page","link":"https:\/\/staging.nuevaaspla.eurocastaliahost4.com\/fr\/politique-daccessibilite\/","title":{"rendered":"Politique d\u2019Accessibilit\u00e9"},"content":{"rendered":"<p data-start=\"156\" data-end=\"239\"><strong data-start=\"156\" data-end=\"239\">Le site web\u00a0<a class=\"decorated-link\" href=\"https:\/\/staging.nuevaaspla.eurocastaliahost4.com\/\" target=\"_new\" rel=\"noopener\" data-start=\"170\" data-end=\"186\">www.macresac.com<\/a>\u00a0a \u00e9t\u00e9 valid\u00e9 selon les normes et outils suivants :<\/strong><\/p>\n<p data-start=\"241\" data-end=\"279\"><strong data-start=\"241\" data-end=\"279\">Utilisation des standards du W3C :<\/strong><\/p>\n<ul data-start=\"280\" data-end=\"682\">\n<li data-start=\"280\" data-end=\"316\">\n<p data-start=\"282\" data-end=\"316\">Grammaire XHTML 1.0 Transitional<\/p>\n<\/li>\n<li data-start=\"317\" data-end=\"360\">\n<p data-start=\"319\" data-end=\"360\">Grammaire des feuilles de style CSS 2.1<\/p>\n<\/li>\n<li data-start=\"361\" data-end=\"428\">\n<p data-start=\"363\" data-end=\"428\">Directives pour l\u2019accessibilit\u00e9 du contenu Web (WCAG niveau AA)<\/p>\n<\/li>\n<li data-start=\"429\" data-end=\"512\">\n<p data-start=\"431\" data-end=\"512\">Pr\u00e9sentation des \u00e9l\u00e9ments \u00e0 l\u2019\u00e9cran et du contenu du code dans un ordre logique<\/p>\n<\/li>\n<li data-start=\"513\" data-end=\"578\">\n<p data-start=\"515\" data-end=\"578\">Syst\u00e8me de navigation simplifi\u00e9 constitu\u00e9 d\u2019un menu principal<\/p>\n<\/li>\n<li data-start=\"579\" data-end=\"616\">\n<p data-start=\"581\" data-end=\"616\">Grammaire XHTML Strict et CSS 2.1<\/p>\n<\/li>\n<li data-start=\"617\" data-end=\"682\">\n<p data-start=\"619\" data-end=\"682\">Directives pour l\u2019accessibilit\u00e9 du contenu Web (WCAG niveau AA)<\/p>\n<\/li>\n<\/ul>\n<hr data-start=\"684\" data-end=\"687\" \/>\n<p data-start=\"689\" data-end=\"710\"><strong data-start=\"689\" data-end=\"710\">RACCORCIS CLAVIER<\/strong><\/p>\n<p data-start=\"712\" data-end=\"750\">Les raccourcis clavier utilis\u00e9s sont :<\/p>\n<ul data-start=\"752\" data-end=\"875\">\n<li data-start=\"752\" data-end=\"771\">\n<p data-start=\"754\" data-end=\"771\"><strong data-start=\"754\" data-end=\"759\">h<\/strong>\u00a0: Accueil<\/p>\n<\/li>\n<li data-start=\"772\" data-end=\"809\">\n<p data-start=\"774\" data-end=\"809\"><strong data-start=\"774\" data-end=\"779\">a<\/strong>\u00a0: Politique d\u2019Accessibilit\u00e9<\/p>\n<\/li>\n<li data-start=\"810\" data-end=\"850\">\n<p data-start=\"812\" data-end=\"850\"><strong data-start=\"812\" data-end=\"817\">p<\/strong>\u00a0: Politique de Confidentialit\u00e9<\/p>\n<\/li>\n<li data-start=\"851\" data-end=\"875\">\n<p data-start=\"853\" data-end=\"875\"><strong data-start=\"853\" data-end=\"858\">m<\/strong>\u00a0: Plan du site<\/p>\n<\/li>\n<\/ul>\n<p data-start=\"877\" data-end=\"933\">L\u2019utilisation des touches d\u2019acc\u00e8s d\u00e9pend du navigateur :<\/p>\n<ul data-start=\"935\" data-end=\"1110\">\n<li data-start=\"935\" data-end=\"986\">\n<p data-start=\"937\" data-end=\"986\"><strong data-start=\"937\" data-end=\"960\">Internet Explorer :<\/strong>\u00a0ALT + raccourci + ENTER<\/p>\n<\/li>\n<li data-start=\"987\" data-end=\"1072\">\n<p data-start=\"989\" data-end=\"1072\"><strong data-start=\"989\" data-end=\"1002\">Firefox :<\/strong>\u00a0ALT + Maj + raccourci (dans les anciennes versions ALT + raccourci)<\/p>\n<\/li>\n<li data-start=\"1073\" data-end=\"1110\">\n<p data-start=\"1075\" data-end=\"1110\"><strong data-start=\"1075\" data-end=\"1086\">Opera :<\/strong>\u00a0MAJ + ESC + raccourci<\/p>\n<\/li>\n<\/ul>\n<p data-start=\"1112\" data-end=\"1260\">Le site atteint un niveau d\u2019accessibilit\u00e9 AA, enrichi par certains points et recommandations du niveau AAA afin d\u2019am\u00e9liorer l\u2019accessibilit\u00e9 globale.<\/p>\n","protected":false},"excerpt":{"rendered":"<p>Le site web\u00a0www.macresac.com\u00a0a \u00e9t\u00e9 valid\u00e9 selon les normes et outils &#8230;<\/p>\n","protected":false},"author":1,"featured_media":0,"parent":0,"menu_order":0,"comment_status":"closed","ping_status":"closed","template":"","meta":{"_acf_changed":false,"footnotes":""},"class_list":["post-2112","page","type-page","status-publish","hentry"],"acf":[],"yoast_head":"<!-- This site is optimized with the Yoast SEO plugin v27.2 - https:\/\/yoast.com\/product\/yoast-seo-wordpress\/ -->\n<title>Politique d\u2019Accessibilit\u00e9 - Aspla<\/title>\n<meta name=\"robots\" content=\"noindex, follow, max-snippet:-1, max-image-preview:large, max-video-preview:-1\" \/>\n<meta property=\"og:locale\" content=\"fr_FR\" \/>\n<meta property=\"og:type\" content=\"article\" \/>\n<meta property=\"og:title\" content=\"Politique d\u2019Accessibilit\u00e9 - Aspla\" \/>\n<meta property=\"og:description\" content=\"Le site web\u00a0www.macresac.com\u00a0a \u00e9t\u00e9 valid\u00e9 selon les normes et outils ...\" \/>\n<meta property=\"og:url\" content=\"https:\/\/staging.nuevaaspla.eurocastaliahost4.com\/fr\/politique-daccessibilite\/\" \/>\n<meta property=\"og:site_name\" content=\"Aspla\" \/>\n<meta property=\"article:modified_time\" content=\"2025-12-05T11:42:04+00:00\" \/>\n<meta name=\"twitter:card\" content=\"summary_large_image\" \/>\n<script type=\"application\/ld+json\" class=\"yoast-schema-graph\">{\"@context\":\"https:\/\/schema.org\",\"@graph\":[{\"@type\":\"WebPage\",\"@id\":\"https:\/\/staging.nuevaaspla.eurocastaliahost4.com\/fr\/politique-daccessibilite\/\",\"url\":\"https:\/\/staging.nuevaaspla.eurocastaliahost4.com\/fr\/politique-daccessibilite\/\",\"name\":\"Politique d\u2019Accessibilit\u00e9 - Aspla\",\"isPartOf\":{\"@id\":\"https:\/\/staging.nuevaaspla.eurocastaliahost4.com\/fr\/#website\"},\"datePublished\":\"2025-09-30T08:46:26+00:00\",\"dateModified\":\"2025-12-05T11:42:04+00:00\",\"breadcrumb\":{\"@id\":\"https:\/\/staging.nuevaaspla.eurocastaliahost4.com\/fr\/politique-daccessibilite\/#breadcrumb\"},\"inLanguage\":\"fr-FR\",\"potentialAction\":[{\"@type\":\"ReadAction\",\"target\":[\"https:\/\/staging.nuevaaspla.eurocastaliahost4.com\/fr\/politique-daccessibilite\/\"]}]},{\"@type\":\"BreadcrumbList\",\"@id\":\"https:\/\/staging.nuevaaspla.eurocastaliahost4.com\/fr\/politique-daccessibilite\/#breadcrumb\",\"itemListElement\":[{\"@type\":\"ListItem\",\"position\":1,\"name\":\"Aspla\",\"item\":\"https:\/\/staging.nuevaaspla.eurocastaliahost4.com\/fr\/\"},{\"@type\":\"ListItem\",\"position\":2,\"name\":\"Politique d\u2019Accessibilit\u00e9\"}]},{\"@type\":\"WebSite\",\"@id\":\"https:\/\/staging.nuevaaspla.eurocastaliahost4.com\/fr\/#website\",\"url\":\"https:\/\/staging.nuevaaspla.eurocastaliahost4.com\/fr\/\",\"name\":\"Aspla\",\"description\":\"Pl\u00e1sticos espa\u00f1oles\",\"publisher\":{\"@id\":\"https:\/\/staging.nuevaaspla.eurocastaliahost4.com\/fr\/#organization\"},\"potentialAction\":[{\"@type\":\"SearchAction\",\"target\":{\"@type\":\"EntryPoint\",\"urlTemplate\":\"https:\/\/staging.nuevaaspla.eurocastaliahost4.com\/fr\/?s={search_term_string}\"},\"query-input\":{\"@type\":\"PropertyValueSpecification\",\"valueRequired\":true,\"valueName\":\"search_term_string\"}}],\"inLanguage\":\"fr-FR\"},{\"@type\":\"Organization\",\"@id\":\"https:\/\/staging.nuevaaspla.eurocastaliahost4.com\/fr\/#organization\",\"name\":\"Aspla\",\"url\":\"https:\/\/staging.nuevaaspla.eurocastaliahost4.com\/fr\/\",\"logo\":{\"@type\":\"ImageObject\",\"inLanguage\":\"fr-FR\",\"@id\":\"https:\/\/staging.nuevaaspla.eurocastaliahost4.com\/fr\/#\/schema\/logo\/image\/\",\"url\":\"\",\"contentUrl\":\"\",\"caption\":\"Aspla\"},\"image\":{\"@id\":\"https:\/\/staging.nuevaaspla.eurocastaliahost4.com\/fr\/#\/schema\/logo\/image\/\"}}]}<\/script>\n<!-- \/ Yoast SEO plugin. -->","yoast_head_json":{"title":"Politique d\u2019Accessibilit\u00e9 - Aspla","robots":{"index":"noindex","follow":"follow","max-snippet":"max-snippet:-1","max-image-preview":"max-image-preview:large","max-video-preview":"max-video-preview:-1"},"og_locale":"fr_FR","og_type":"article","og_title":"Politique d\u2019Accessibilit\u00e9 - Aspla","og_description":"Le site web\u00a0www.macresac.com\u00a0a \u00e9t\u00e9 valid\u00e9 selon les normes et outils ...","og_url":"https:\/\/staging.nuevaaspla.eurocastaliahost4.com\/fr\/politique-daccessibilite\/","og_site_name":"Aspla","article_modified_time":"2025-12-05T11:42:04+00:00","twitter_card":"summary_large_image","schema":{"@context":"https:\/\/schema.org","@graph":[{"@type":"WebPage","@id":"https:\/\/staging.nuevaaspla.eurocastaliahost4.com\/fr\/politique-daccessibilite\/","url":"https:\/\/staging.nuevaaspla.eurocastaliahost4.com\/fr\/politique-daccessibilite\/","name":"Politique d\u2019Accessibilit\u00e9 - Aspla","isPartOf":{"@id":"https:\/\/staging.nuevaaspla.eurocastaliahost4.com\/fr\/#website"},"datePublished":"2025-09-30T08:46:26+00:00","dateModified":"2025-12-05T11:42:04+00:00","breadcrumb":{"@id":"https:\/\/staging.nuevaaspla.eurocastaliahost4.com\/fr\/politique-daccessibilite\/#breadcrumb"},"inLanguage":"fr-FR","potentialAction":[{"@type":"ReadAction","target":["https:\/\/staging.nuevaaspla.eurocastaliahost4.com\/fr\/politique-daccessibilite\/"]}]},{"@type":"BreadcrumbList","@id":"https:\/\/staging.nuevaaspla.eurocastaliahost4.com\/fr\/politique-daccessibilite\/#breadcrumb","itemListElement":[{"@type":"ListItem","position":1,"name":"Aspla","item":"https:\/\/staging.nuevaaspla.eurocastaliahost4.com\/fr\/"},{"@type":"ListItem","position":2,"name":"Politique d\u2019Accessibilit\u00e9"}]},{"@type":"WebSite","@id":"https:\/\/staging.nuevaaspla.eurocastaliahost4.com\/fr\/#website","url":"https:\/\/staging.nuevaaspla.eurocastaliahost4.com\/fr\/","name":"Aspla","description":"Pl\u00e1sticos espa\u00f1oles","publisher":{"@id":"https:\/\/staging.nuevaaspla.eurocastaliahost4.com\/fr\/#organization"},"potentialAction":[{"@type":"SearchAction","target":{"@type":"EntryPoint","urlTemplate":"https:\/\/staging.nuevaaspla.eurocastaliahost4.com\/fr\/?s={search_term_string}"},"query-input":{"@type":"PropertyValueSpecification","valueRequired":true,"valueName":"search_term_string"}}],"inLanguage":"fr-FR"},{"@type":"Organization","@id":"https:\/\/staging.nuevaaspla.eurocastaliahost4.com\/fr\/#organization","name":"Aspla","url":"https:\/\/staging.nuevaaspla.eurocastaliahost4.com\/fr\/","logo":{"@type":"ImageObject","inLanguage":"fr-FR","@id":"https:\/\/staging.nuevaaspla.eurocastaliahost4.com\/fr\/#\/schema\/logo\/image\/","url":"","contentUrl":"","caption":"Aspla"},"image":{"@id":"https:\/\/staging.nuevaaspla.eurocastaliahost4.com\/fr\/#\/schema\/logo\/image\/"}}]}},"_links":{"self":[{"href":"https:\/\/staging.nuevaaspla.eurocastaliahost4.com\/fr\/wp-json\/wp\/v2\/pages\/2112","targetHints":{"allow":["GET"]}}],"collection":[{"href":"https:\/\/staging.nuevaaspla.eurocastaliahost4.com\/fr\/wp-json\/wp\/v2\/pages"}],"about":[{"href":"https:\/\/staging.nuevaaspla.eurocastaliahost4.com\/fr\/wp-json\/wp\/v2\/types\/page"}],"author":[{"embeddable":true,"href":"https:\/\/staging.nuevaaspla.eurocastaliahost4.com\/fr\/wp-json\/wp\/v2\/users\/1"}],"replies":[{"embeddable":true,"href":"https:\/\/staging.nuevaaspla.eurocastaliahost4.com\/fr\/wp-json\/wp\/v2\/comments?post=2112"}],"version-history":[{"count":1,"href":"https:\/\/staging.nuevaaspla.eurocastaliahost4.com\/fr\/wp-json\/wp\/v2\/pages\/2112\/revisions"}],"predecessor-version":[{"id":2113,"href":"https:\/\/staging.nuevaaspla.eurocastaliahost4.com\/fr\/wp-json\/wp\/v2\/pages\/2112\/revisions\/2113"}],"wp:attachment":[{"href":"https:\/\/staging.nuevaaspla.eurocastaliahost4.com\/fr\/wp-json\/wp\/v2\/media?parent=2112"}],"curies":[{"name":"wp","href":"https:\/\/api.w.org\/{rel}","templated":true}]}}