{"id":2095,"date":"2025-08-06T11:41:17","date_gmt":"2025-08-06T09:41:17","guid":{"rendered":"https:\/\/staging.nuevaaspla.eurocastaliahost4.com\/?page_id=2095"},"modified":"2025-12-05T12:32:58","modified_gmt":"2025-12-05T11:32:58","slug":"politique-en-matiere-de-qualite-de-securite-alimentaire-et-denvironnement","status":"publish","type":"page","link":"https:\/\/staging.nuevaaspla.eurocastaliahost4.com\/fr\/politique-en-matiere-de-qualite-de-securite-alimentaire-et-denvironnement\/","title":{"rendered":"Politique en mati\u00e8re de qualit\u00e9, de s\u00e9curit\u00e9 alimentaire et d&rsquo;environnement"},"content":{"rendered":"<p><span data-contrast=\"auto\">Par la diffusion de la POLITIQUE EN MATI\u00c8RE DE QUALIT\u00c9, DE S\u00c9CURIT\u00c9 ALIMENTAIRE et D&rsquo;ENVIRONNEMENT, la Direction de <\/span><b><span data-contrast=\"auto\">MACRESAC,\u202fS.A.<\/span><\/b><span data-contrast=\"auto\"> entend reconna\u00eetre que la Qualit\u00e9 et la S\u00e9curit\u00e9 alimentaire constituent une priorit\u00e9 au sein de l&rsquo;entreprise et assume pleinement ses responsabilit\u00e9s quant \u00e0 la qualit\u00e9 du produit propos\u00e9. \u00c0 ce titre, elle harmonise les objectifs du personnel afin de garantir une gestion ad\u00e9quate du Syst\u00e8me de Qualit\u00e9 et de S\u00e9curit\u00e9 alimentaire. Par ailleurs, l&rsquo;entreprise adh\u00e8re pleinement aux Directives du GROUPE pour ce qui est des principes d&rsquo;\u00e9conomie circulaire, de durabilit\u00e9 et d&rsquo;ESG\u202f2030 (Environment, Social and Governance). Cette politique fait partie int\u00e9grante du Plan strat\u00e9gique de la soci\u00e9t\u00e9.<\/span><span data-ccp-props=\"{&quot;201341983&quot;:0,&quot;335559739&quot;:160,&quot;335559740&quot;:278}\">\u00a0<\/span><\/p>\n<p><span data-ccp-props=\"{&quot;201341983&quot;:0,&quot;335559739&quot;:160,&quot;335559740&quot;:278}\">\u00a0<\/span><\/p>\n<p><span data-contrast=\"auto\">Nos efforts se concentreront sur les points suivants\u202f:<\/span><span data-ccp-props=\"{&quot;201341983&quot;:0,&quot;335559739&quot;:160,&quot;335559740&quot;:278}\">\u00a0<\/span><\/p>\n<p><b><span data-contrast=\"auto\">1.- L\u00c9GISLATION APPLICABLE.<\/span><\/b><span data-contrast=\"auto\"> La Politique de l&rsquo;entreprise comprend l&rsquo;engagement de se conformer \u00e0 la l\u00e9gislation, aux normes et aux r\u00e9glementations pertinentes, ainsi qu&rsquo;aux autres exigences souscrites par l&rsquo;organisation, c&rsquo;est-\u00e0-dire que l&rsquo;entreprise veillera \u00e0 se conformer \u00e0 la l\u00e9gislation applicable en vigueur et \u00e0 venir.<\/span><span data-ccp-props=\"{&quot;201341983&quot;:0,&quot;335559739&quot;:160,&quot;335559740&quot;:278}\">\u00a0<\/span><\/p>\n<p><span data-contrast=\"auto\">De la m\u00eame mani\u00e8re, l&rsquo;entreprise satisfait aux exigences des clients et \u00e0 toutes celles auxquelles l&rsquo;organisation souscrira volontairement, y compris son engagement \u00e0 am\u00e9liorer les conditions de travail et la protection de la sant\u00e9 au travail des employ\u00e9s, ainsi qu&rsquo;\u00e0 renforcer en permanence la gestion et le respect de la S\u00e9curit\u00e9 et de la Sant\u00e9 des Travailleurs.<\/span><span data-ccp-props=\"{&quot;201341983&quot;:0,&quot;335559739&quot;:160,&quot;335559740&quot;:278}\">\u00a0<\/span><\/p>\n<p><b><span data-contrast=\"auto\">2.- ORGANISATION.<\/span><\/b><span data-contrast=\"auto\"> Fournir une structure et des RESSOURCES permettant de d\u00e9velopper le SGCA et le SGIA mis en place, ainsi que de mesurer et de faire le point sur les objectifs et les buts fix\u00e9s.<\/span><span data-ccp-props=\"{&quot;201341983&quot;:0,&quot;335559739&quot;:160,&quot;335559740&quot;:278}\">\u00a0<\/span><\/p>\n<p><span data-contrast=\"auto\">La soci\u00e9t\u00e9 mettra en place et tiendra \u00e0 jour un SGCA et un syst\u00e8me de S\u00e9curit\u00e9 alimentaire qui seront document\u00e9s sous tous leurs aspects afin de prouver leur bon fonctionnement et leur suivi.<\/span><span data-ccp-props=\"{&quot;201341983&quot;:0,&quot;335559739&quot;:160,&quot;335559740&quot;:278}\">\u00a0<\/span><\/p>\n<p><b><span data-contrast=\"auto\">3.- ACTIVIT\u00c9S.<\/span><\/b><span data-contrast=\"auto\"> Cette Politique est adapt\u00e9e \u00e0 la nature des services et des activit\u00e9s d\u00e9velopp\u00e9es par MACRESAC,\u202fS.A., garantissant l&rsquo;objectif de l&rsquo;organisation en mati\u00e8re de services et de produits propos\u00e9s.<\/span><span data-ccp-props=\"{&quot;201341983&quot;:0,&quot;335559739&quot;:160,&quot;335559740&quot;:278}\">\u00a0<\/span><\/p>\n<p><span data-contrast=\"auto\">Pour ce faire, la soci\u00e9t\u00e9 concentrera ses efforts sur\u202f:<\/span><span data-ccp-props=\"{&quot;201341983&quot;:0,&quot;335559739&quot;:160,&quot;335559740&quot;:278}\">\u00a0<\/span><\/p>\n<ul>\n<li aria-setsize=\"-1\" data-leveltext=\"\uf0b7\" data-font=\"Symbol\" data-listid=\"1\" data-list-defn-props=\"{&quot;335552541&quot;:1,&quot;335559685&quot;:720,&quot;335559991&quot;:360,&quot;469769226&quot;:&quot;Symbol&quot;,&quot;469769242&quot;:[8226],&quot;469777803&quot;:&quot;left&quot;,&quot;469777804&quot;:&quot;\uf0b7&quot;,&quot;469777815&quot;:&quot;multilevel&quot;}\" data-aria-posinset=\"1\" data-aria-level=\"1\"><span data-contrast=\"auto\">\u00c9liminer, r\u00e9duire, r\u00e9utiliser et recycler toutes les formes de r\u00e9sidus, de d\u00e9chets ou d&rsquo;\u00e9missions g\u00e9n\u00e9r\u00e9es et faire un usage efficace des mat\u00e9riaux et des ressources. L&rsquo;id\u00e9e est \u00e9galement d&rsquo;\u00e9liminer ou de r\u00e9duire toute d\u00e9viation existante d\u00e9tect\u00e9e, et aussi d&rsquo;utiliser efficacement les \u00e9l\u00e9ments du syst\u00e8me de gestion mis en place.<\/span><span data-ccp-props=\"{&quot;201341983&quot;:0,&quot;335559739&quot;:160,&quot;335559740&quot;:278}\">\u00a0<\/span><\/li>\n<\/ul>\n<ul>\n<li aria-setsize=\"-1\" data-leveltext=\"\uf0b7\" data-font=\"Symbol\" data-listid=\"1\" data-list-defn-props=\"{&quot;335552541&quot;:1,&quot;335559685&quot;:720,&quot;335559991&quot;:360,&quot;469769226&quot;:&quot;Symbol&quot;,&quot;469769242&quot;:[8226],&quot;469777803&quot;:&quot;left&quot;,&quot;469777804&quot;:&quot;\uf0b7&quot;,&quot;469777815&quot;:&quot;multilevel&quot;}\" data-aria-posinset=\"2\" data-aria-level=\"1\"><span data-contrast=\"auto\">\u00c9valuer les risques et les dangers pour la Qualit\u00e9 et la S\u00e9curit\u00e9 alimentaire, en les contr\u00f4lant et en les minimisant \u00e0 tout moment, gr\u00e2ce \u00e0 la mise en place effective du syst\u00e8me HACCP et d&rsquo;Analyse des Risques Qualit\u00e9.<\/span><span data-ccp-props=\"{&quot;201341983&quot;:0,&quot;335559739&quot;:160,&quot;335559740&quot;:278}\">\u00a0<\/span><\/li>\n<\/ul>\n<ul>\n<li aria-setsize=\"-1\" data-leveltext=\"\uf0b7\" data-font=\"Symbol\" data-listid=\"1\" data-list-defn-props=\"{&quot;335552541&quot;:1,&quot;335559685&quot;:720,&quot;335559991&quot;:360,&quot;469769226&quot;:&quot;Symbol&quot;,&quot;469769242&quot;:[8226],&quot;469777803&quot;:&quot;left&quot;,&quot;469777804&quot;:&quot;\uf0b7&quot;,&quot;469777815&quot;:&quot;multilevel&quot;}\" data-aria-posinset=\"3\" data-aria-level=\"1\"><span data-contrast=\"auto\">Consciente qu&rsquo;elle exerce son activit\u00e9 dans la cha\u00eene alimentaire, elle s&rsquo;engage \u00e0 renseigner ses clients et ses consommateurs sur toute question relative \u00e0 la s\u00e9curit\u00e9 alimentaire susceptible de les concerner.<\/span><span data-ccp-props=\"{&quot;201341983&quot;:0,&quot;335559739&quot;:160,&quot;335559740&quot;:278}\">\u00a0<\/span><\/li>\n<\/ul>\n<p><span data-ccp-props=\"{&quot;201341983&quot;:0,&quot;335559685&quot;:720,&quot;335559739&quot;:160,&quot;335559740&quot;:278}\">\u00a0<\/span><\/p>\n<p><b><span data-contrast=\"auto\">4.- SATISFACTION DES CLIENTS.<\/span><\/b><span data-contrast=\"auto\"> Pour ce faire, la soci\u00e9t\u00e9 concentrera ses efforts sur la suppression et la r\u00e9duction de toute d\u00e9viation d\u00e9tect\u00e9e, et sur l&rsquo;utilisation efficace des \u00e9l\u00e9ments du Syst\u00e8me de Gestion mis en place, gr\u00e2ce \u00e0 la bonne identification des exigences sp\u00e9cifi\u00e9es par les clients afin de parvenir \u00e0 l&rsquo;indice de satisfaction d\u00e9fini dans les objectifs de l\u2019exercice, ainsi que de r\u00e9pondre \u00e0 leurs attentes recueillies dans le cadre de la relation entretenue par MACRESAC,\u202fS.A. avec chacun d&rsquo;entre eux lors de la fourniture du produit demand\u00e9.<\/span><span data-ccp-props=\"{&quot;201341983&quot;:0,&quot;335559739&quot;:160,&quot;335559740&quot;:278}\">\u00a0<\/span><\/p>\n<p><b><span data-contrast=\"auto\">5.- AM\u00c9LIORATION CONTINUE. <\/span><\/b><span data-contrast=\"auto\">L&rsquo;am\u00e9lioration continue des processus, des produits et des services sera pr\u00e9conis\u00e9e dans leur rapport \u00e0 la Qualit\u00e9 et \u00e0 la S\u00e9curit\u00e9, en \u00e9valuant \u00e0 l&rsquo;avance les r\u00e9percussions de tout nouveau d\u00e9veloppement sur ceux-ci, en poursuivant les efforts de d\u00e9veloppement et de mise en \u0153uvre de technologies visant \u00e0 r\u00e9duire la pollution, afin de minimiser l&rsquo;impact des activit\u00e9s des usines et des bureaux sur l&rsquo;environnement, ainsi que les efforts de d\u00e9veloppement et de d\u00e9ploiement des outils n\u00e9cessaires \u00e0 l&rsquo;am\u00e9lioration du service offert, dans le but de limiter les non-conformit\u00e9s d\u00e9tect\u00e9es dans le cadre des activit\u00e9s d\u00e9velopp\u00e9es par MACRESAC,\u202fS.A.<\/span><span data-ccp-props=\"{&quot;201341983&quot;:0,&quot;335559739&quot;:160,&quot;335559740&quot;:278}\">\u00a0<\/span><\/p>\n<p><span data-contrast=\"auto\">Pour ce faire, des Mesures Correctives et Pr\u00e9ventives seront prises afin d&#8217;emp\u00eacher et d&rsquo;\u00e9viter l&rsquo;apparition ou la r\u00e9p\u00e9tition de dysfonctionnements tout au long de la prestation de service.<\/span><span data-ccp-props=\"{&quot;201341983&quot;:0,&quot;335559739&quot;:160,&quot;335559740&quot;:278}\">\u00a0<\/span><span data-ccp-props=\"{&quot;201341983&quot;:0,&quot;335559739&quot;:160,&quot;335559740&quot;:278}\">\u00a0<\/span><\/p>\n<p><b><span data-contrast=\"auto\">6.- DIFFUSION.<\/span><\/b><span data-contrast=\"auto\"> Diffuser, contr\u00f4ler et exiger que les instructions et les actions indiqu\u00e9es dans les Manuels de Proc\u00e9dures soient connues et respect\u00e9es afin de garantir la bonne application des principes de la Politique.<\/span><span data-ccp-props=\"{&quot;201341983&quot;:0,&quot;335559739&quot;:160,&quot;335559740&quot;:278}\">\u00a0<\/span><\/p>\n<p><b><span data-contrast=\"auto\">MACRESAC,\u202fS.A.<\/span><\/b><span data-contrast=\"auto\"> promouvra la diffusion des meilleures pratiques de qualit\u00e9 dans tous les domaines auxquels elle participera ou auxquels elle aura acc\u00e8s, en formant ses propres employ\u00e9s afin d&rsquo;am\u00e9liorer leurs activit\u00e9s et en les sensibilisant au fait que la destination finale des produits fabriqu\u00e9s est le contact alimentaire et aux r\u00e9percussions que cela peut avoir sur la sant\u00e9 des consommateurs.<\/span><span data-ccp-props=\"{&quot;201341983&quot;:0,&quot;335559739&quot;:160,&quot;335559740&quot;:278}\">\u00a0<\/span><\/p>\n<p><span data-contrast=\"auto\">L&rsquo;entreprise encouragera la communication interne et externe \u00e0 tous les niveaux entre les diff\u00e9rents services et entreprises, ce qui permettra de r\u00e9percuter les efforts sur le personnel et sur le march\u00e9.<\/span><span data-ccp-props=\"{&quot;201341983&quot;:0,&quot;335559739&quot;:160,&quot;335559740&quot;:278}\">\u00a0<\/span><\/p>\n<p><span data-contrast=\"auto\">De la m\u00eame mani\u00e8re, elle tiendra compte des relations internes et externes avec les parties prenantes afin d&rsquo;orienter ses activit\u00e9s pour r\u00e9pondre \u00e0 leurs besoins.<\/span><span data-ccp-props=\"{&quot;201341983&quot;:0,&quot;335559739&quot;:160,&quot;335559740&quot;:278}\">\u00a0<\/span><\/p>\n<p><b><span data-contrast=\"auto\">7.- \u00c9VALUATION DU SYST\u00c8ME.<\/span><\/b><span data-contrast=\"auto\"> L&rsquo;objectif principal de la pr\u00e9sente Politique est d&rsquo;unir nos efforts dans la r\u00e9alisation des objectifs, ce pourquoi elle adoptera des proc\u00e9dures visant \u00e0 \u00e9tablir des Objectifs et des Buts, ainsi qu&rsquo;\u00e0 les r\u00e9viser, tout comme ceux de la politique elle-m\u00eame, afin de maintenir son efficacit\u00e9 et de s&rsquo;adapter aux changements de l&rsquo;environnement.<\/span><span data-ccp-props=\"{&quot;201341983&quot;:0,&quot;335559739&quot;:160,&quot;335559740&quot;:278}\">\u00a0<\/span><\/p>\n<p><span data-contrast=\"auto\">L&rsquo;entreprise s&rsquo;est engag\u00e9e \u00e0 contribuer \u00e0 la r\u00e9duction des granul\u00e9s dans le milieu marin \u00e0 travers le programme Operation Clean Sweep\u202f(OCS). Pour ce faire, elle utilise un syst\u00e8me d&rsquo;Analyse des Risques qui garantit la bonne IDENTIFICATION ET \u00c9VALUATION DES PERTES DE GRANUL\u00c9S OU DE PELLETS.<\/span><span data-ccp-props=\"{&quot;201341983&quot;:0,&quot;335559739&quot;:160,&quot;335559740&quot;:278}\">\u00a0<\/span><\/p>\n<p><b><span data-contrast=\"auto\">8.- RESPONSABILIT\u00c9.<\/span><\/b><span data-contrast=\"auto\"> Tous les employ\u00e9s de MACRESAC,\u202fS.A. s&rsquo;impliqueront dans la Gestion de la qualit\u00e9 et de la s\u00e9curit\u00e9 de l&rsquo;entreprise, raison pour laquelle des m\u00e9canismes seront mis en place afin de renforcer leur sens des responsabilit\u00e9s dans ce domaine.<\/span><span data-ccp-props=\"{&quot;201341983&quot;:0,&quot;335559739&quot;:160,&quot;335559740&quot;:278}\">\u00a0<\/span><\/p>\n<p><b><span data-contrast=\"auto\">9- COMMUNICATION.<\/span><\/b><span data-contrast=\"auto\"> Nous encourageons la communication externe, aussi bien avec les fournisseurs et les clients qu&rsquo;avec les autorit\u00e9s sanitaires comp\u00e9tentes, non seulement afin de transmettre nos propres pr\u00e9occupations mais aussi les besoins de nos clients en mati\u00e8re de s\u00e9curit\u00e9 alimentaire.<\/span><span data-ccp-props=\"{&quot;201341983&quot;:0,&quot;335559739&quot;:160,&quot;335559740&quot;:278}\">\u00a0<\/span><\/p>\n<p><span data-contrast=\"auto\">L\u2019entreprise r\u00e9pond aux exigences et aux attentes du march\u00e9, des parties constitutives et des parties prenantes, soutient la direction strat\u00e9gique de la soci\u00e9t\u00e9 et veille \u00e0 ce que cette Politique de Qualit\u00e9 soit communiqu\u00e9e, comprise et accept\u00e9e aussi bien par le personnel que par le conseil d&rsquo;administration de MACRESAC,\u202fS.A., et qu&rsquo;elle soit mise \u00e0 la disposition des parties prenantes concern\u00e9es.<\/span><span data-ccp-props=\"{&quot;201341983&quot;:0,&quot;335559739&quot;:160,&quot;335559740&quot;:278}\">\u00a0<\/span><\/p>\n<p><span data-contrast=\"auto\">L&rsquo;adoption de cette politique fonctionnelle est une exigence pour tous les aspects de l&rsquo;activit\u00e9 de MACRESAC,\u202fS.A., la concr\u00e9tisation de ces points \u00e9tant assur\u00e9e par la mise en \u0153uvre d&rsquo;un Syst\u00e8me de Gestion de la Qualit\u00e9 conforme aux exigences des <\/span><b><span data-contrast=\"auto\">Normes ISO\u202f9001, ISO\u202f14001 et ISO\u202f22000.<\/span><\/b><span data-ccp-props=\"{&quot;201341983&quot;:0,&quot;335559739&quot;:160,&quot;335559740&quot;:278}\">\u00a0<\/span><\/p>\n<p><span data-contrast=\"auto\">La mise en \u0153uvre satisfaisante de cette Politique repose sur l&rsquo;implication et la pr\u00e9occupation individuelle de tous les employ\u00e9s sous le contr\u00f4le de la Direction.<\/span><span data-ccp-props=\"{&quot;201341983&quot;:0,&quot;335559739&quot;:160,&quot;335559740&quot;:278}\">\u00a0<\/span><\/p>\n<p><span data-contrast=\"auto\">La Selva del Camp (Espagne), le 29\u202fjanvier\u202f2025<\/span><span data-ccp-props=\"{&quot;201341983&quot;:0,&quot;335559739&quot;:160,&quot;335559740&quot;:278}\">\u00a0<\/span><\/p>\n<p><b><i><span data-contrast=\"auto\">MACRESAC,\u202fS.A. \u2013 LA DIRECTION<\/span><\/i><\/b><span data-ccp-props=\"{&quot;201341983&quot;:0,&quot;335559739&quot;:160,&quot;335559740&quot;:278}\">\u00a0<\/span><\/p>\n","protected":false},"excerpt":{"rendered":"<p>Par la diffusion de la POLITIQUE EN MATI\u00c8RE DE QUALIT\u00c9, &#8230;<\/p>\n","protected":false},"author":1,"featured_media":0,"parent":0,"menu_order":0,"comment_status":"closed","ping_status":"closed","template":"","meta":{"_acf_changed":false,"footnotes":""},"class_list":["post-2095","page","type-page","status-publish","hentry"],"acf":[],"yoast_head":"<!-- This site is optimized with the Yoast SEO plugin v27.2 - https:\/\/yoast.com\/product\/yoast-seo-wordpress\/ -->\n<title>Politique en mati\u00e8re de qualit\u00e9, de s\u00e9curit\u00e9 alimentaire et d&#039;environnement - Aspla<\/title>\n<meta name=\"robots\" content=\"noindex, follow, max-snippet:-1, max-image-preview:large, max-video-preview:-1\" \/>\n<meta property=\"og:locale\" content=\"fr_FR\" \/>\n<meta property=\"og:type\" content=\"article\" \/>\n<meta property=\"og:title\" content=\"Politique en mati\u00e8re de qualit\u00e9, de s\u00e9curit\u00e9 alimentaire et d&#039;environnement - Aspla\" \/>\n<meta property=\"og:description\" content=\"Par la diffusion de la POLITIQUE EN MATI\u00c8RE DE QUALIT\u00c9, ...\" \/>\n<meta property=\"og:url\" content=\"https:\/\/staging.nuevaaspla.eurocastaliahost4.com\/fr\/politique-en-matiere-de-qualite-de-securite-alimentaire-et-denvironnement\/\" \/>\n<meta property=\"og:site_name\" content=\"Aspla\" \/>\n<meta property=\"article:modified_time\" content=\"2025-12-05T11:32:58+00:00\" \/>\n<meta name=\"twitter:card\" content=\"summary_large_image\" \/>\n<script type=\"application\/ld+json\" class=\"yoast-schema-graph\">{\"@context\":\"https:\/\/schema.org\",\"@graph\":[{\"@type\":\"WebPage\",\"@id\":\"https:\/\/staging.nuevaaspla.eurocastaliahost4.com\/fr\/politique-en-matiere-de-qualite-de-securite-alimentaire-et-denvironnement\/\",\"url\":\"https:\/\/staging.nuevaaspla.eurocastaliahost4.com\/fr\/politique-en-matiere-de-qualite-de-securite-alimentaire-et-denvironnement\/\",\"name\":\"Politique en mati\u00e8re de qualit\u00e9, de s\u00e9curit\u00e9 alimentaire et d'environnement - Aspla\",\"isPartOf\":{\"@id\":\"https:\/\/staging.nuevaaspla.eurocastaliahost4.com\/fr\/#website\"},\"datePublished\":\"2025-08-06T09:41:17+00:00\",\"dateModified\":\"2025-12-05T11:32:58+00:00\",\"breadcrumb\":{\"@id\":\"https:\/\/staging.nuevaaspla.eurocastaliahost4.com\/fr\/politique-en-matiere-de-qualite-de-securite-alimentaire-et-denvironnement\/#breadcrumb\"},\"inLanguage\":\"fr-FR\",\"potentialAction\":[{\"@type\":\"ReadAction\",\"target\":[\"https:\/\/staging.nuevaaspla.eurocastaliahost4.com\/fr\/politique-en-matiere-de-qualite-de-securite-alimentaire-et-denvironnement\/\"]}]},{\"@type\":\"BreadcrumbList\",\"@id\":\"https:\/\/staging.nuevaaspla.eurocastaliahost4.com\/fr\/politique-en-matiere-de-qualite-de-securite-alimentaire-et-denvironnement\/#breadcrumb\",\"itemListElement\":[{\"@type\":\"ListItem\",\"position\":1,\"name\":\"Aspla\",\"item\":\"https:\/\/staging.nuevaaspla.eurocastaliahost4.com\/fr\/\"},{\"@type\":\"ListItem\",\"position\":2,\"name\":\"Politique en mati\u00e8re de qualit\u00e9, de s\u00e9curit\u00e9 alimentaire et d&#8217;environnement\"}]},{\"@type\":\"WebSite\",\"@id\":\"https:\/\/staging.nuevaaspla.eurocastaliahost4.com\/fr\/#website\",\"url\":\"https:\/\/staging.nuevaaspla.eurocastaliahost4.com\/fr\/\",\"name\":\"Aspla\",\"description\":\"Pl\u00e1sticos espa\u00f1oles\",\"publisher\":{\"@id\":\"https:\/\/staging.nuevaaspla.eurocastaliahost4.com\/fr\/#organization\"},\"potentialAction\":[{\"@type\":\"SearchAction\",\"target\":{\"@type\":\"EntryPoint\",\"urlTemplate\":\"https:\/\/staging.nuevaaspla.eurocastaliahost4.com\/fr\/?s={search_term_string}\"},\"query-input\":{\"@type\":\"PropertyValueSpecification\",\"valueRequired\":true,\"valueName\":\"search_term_string\"}}],\"inLanguage\":\"fr-FR\"},{\"@type\":\"Organization\",\"@id\":\"https:\/\/staging.nuevaaspla.eurocastaliahost4.com\/fr\/#organization\",\"name\":\"Aspla\",\"url\":\"https:\/\/staging.nuevaaspla.eurocastaliahost4.com\/fr\/\",\"logo\":{\"@type\":\"ImageObject\",\"inLanguage\":\"fr-FR\",\"@id\":\"https:\/\/staging.nuevaaspla.eurocastaliahost4.com\/fr\/#\/schema\/logo\/image\/\",\"url\":\"\",\"contentUrl\":\"\",\"caption\":\"Aspla\"},\"image\":{\"@id\":\"https:\/\/staging.nuevaaspla.eurocastaliahost4.com\/fr\/#\/schema\/logo\/image\/\"}}]}<\/script>\n<!-- \/ Yoast SEO plugin. -->","yoast_head_json":{"title":"Politique en mati\u00e8re de qualit\u00e9, de s\u00e9curit\u00e9 alimentaire et d'environnement - Aspla","robots":{"index":"noindex","follow":"follow","max-snippet":"max-snippet:-1","max-image-preview":"max-image-preview:large","max-video-preview":"max-video-preview:-1"},"og_locale":"fr_FR","og_type":"article","og_title":"Politique en mati\u00e8re de qualit\u00e9, de s\u00e9curit\u00e9 alimentaire et d'environnement - Aspla","og_description":"Par la diffusion de la POLITIQUE EN MATI\u00c8RE DE QUALIT\u00c9, ...","og_url":"https:\/\/staging.nuevaaspla.eurocastaliahost4.com\/fr\/politique-en-matiere-de-qualite-de-securite-alimentaire-et-denvironnement\/","og_site_name":"Aspla","article_modified_time":"2025-12-05T11:32:58+00:00","twitter_card":"summary_large_image","schema":{"@context":"https:\/\/schema.org","@graph":[{"@type":"WebPage","@id":"https:\/\/staging.nuevaaspla.eurocastaliahost4.com\/fr\/politique-en-matiere-de-qualite-de-securite-alimentaire-et-denvironnement\/","url":"https:\/\/staging.nuevaaspla.eurocastaliahost4.com\/fr\/politique-en-matiere-de-qualite-de-securite-alimentaire-et-denvironnement\/","name":"Politique en mati\u00e8re de qualit\u00e9, de s\u00e9curit\u00e9 alimentaire et d'environnement - Aspla","isPartOf":{"@id":"https:\/\/staging.nuevaaspla.eurocastaliahost4.com\/fr\/#website"},"datePublished":"2025-08-06T09:41:17+00:00","dateModified":"2025-12-05T11:32:58+00:00","breadcrumb":{"@id":"https:\/\/staging.nuevaaspla.eurocastaliahost4.com\/fr\/politique-en-matiere-de-qualite-de-securite-alimentaire-et-denvironnement\/#breadcrumb"},"inLanguage":"fr-FR","potentialAction":[{"@type":"ReadAction","target":["https:\/\/staging.nuevaaspla.eurocastaliahost4.com\/fr\/politique-en-matiere-de-qualite-de-securite-alimentaire-et-denvironnement\/"]}]},{"@type":"BreadcrumbList","@id":"https:\/\/staging.nuevaaspla.eurocastaliahost4.com\/fr\/politique-en-matiere-de-qualite-de-securite-alimentaire-et-denvironnement\/#breadcrumb","itemListElement":[{"@type":"ListItem","position":1,"name":"Aspla","item":"https:\/\/staging.nuevaaspla.eurocastaliahost4.com\/fr\/"},{"@type":"ListItem","position":2,"name":"Politique en mati\u00e8re de qualit\u00e9, de s\u00e9curit\u00e9 alimentaire et d&#8217;environnement"}]},{"@type":"WebSite","@id":"https:\/\/staging.nuevaaspla.eurocastaliahost4.com\/fr\/#website","url":"https:\/\/staging.nuevaaspla.eurocastaliahost4.com\/fr\/","name":"Aspla","description":"Pl\u00e1sticos espa\u00f1oles","publisher":{"@id":"https:\/\/staging.nuevaaspla.eurocastaliahost4.com\/fr\/#organization"},"potentialAction":[{"@type":"SearchAction","target":{"@type":"EntryPoint","urlTemplate":"https:\/\/staging.nuevaaspla.eurocastaliahost4.com\/fr\/?s={search_term_string}"},"query-input":{"@type":"PropertyValueSpecification","valueRequired":true,"valueName":"search_term_string"}}],"inLanguage":"fr-FR"},{"@type":"Organization","@id":"https:\/\/staging.nuevaaspla.eurocastaliahost4.com\/fr\/#organization","name":"Aspla","url":"https:\/\/staging.nuevaaspla.eurocastaliahost4.com\/fr\/","logo":{"@type":"ImageObject","inLanguage":"fr-FR","@id":"https:\/\/staging.nuevaaspla.eurocastaliahost4.com\/fr\/#\/schema\/logo\/image\/","url":"","contentUrl":"","caption":"Aspla"},"image":{"@id":"https:\/\/staging.nuevaaspla.eurocastaliahost4.com\/fr\/#\/schema\/logo\/image\/"}}]}},"_links":{"self":[{"href":"https:\/\/staging.nuevaaspla.eurocastaliahost4.com\/fr\/wp-json\/wp\/v2\/pages\/2095","targetHints":{"allow":["GET"]}}],"collection":[{"href":"https:\/\/staging.nuevaaspla.eurocastaliahost4.com\/fr\/wp-json\/wp\/v2\/pages"}],"about":[{"href":"https:\/\/staging.nuevaaspla.eurocastaliahost4.com\/fr\/wp-json\/wp\/v2\/types\/page"}],"author":[{"embeddable":true,"href":"https:\/\/staging.nuevaaspla.eurocastaliahost4.com\/fr\/wp-json\/wp\/v2\/users\/1"}],"replies":[{"embeddable":true,"href":"https:\/\/staging.nuevaaspla.eurocastaliahost4.com\/fr\/wp-json\/wp\/v2\/comments?post=2095"}],"version-history":[{"count":1,"href":"https:\/\/staging.nuevaaspla.eurocastaliahost4.com\/fr\/wp-json\/wp\/v2\/pages\/2095\/revisions"}],"predecessor-version":[{"id":2096,"href":"https:\/\/staging.nuevaaspla.eurocastaliahost4.com\/fr\/wp-json\/wp\/v2\/pages\/2095\/revisions\/2096"}],"wp:attachment":[{"href":"https:\/\/staging.nuevaaspla.eurocastaliahost4.com\/fr\/wp-json\/wp\/v2\/media?parent=2095"}],"curies":[{"name":"wp","href":"https:\/\/api.w.org\/{rel}","templated":true}]}}