{"id":2072,"date":"2025-09-30T10:43:56","date_gmt":"2025-09-30T08:43:56","guid":{"rendered":"https:\/\/staging.nuevaaspla.eurocastaliahost4.com\/politica-de-cookies\/"},"modified":"2025-12-05T11:49:39","modified_gmt":"2025-12-05T10:49:39","slug":"politica-de-cookies","status":"publish","type":"page","link":"https:\/\/staging.nuevaaspla.eurocastaliahost4.com\/fr\/politica-de-cookies\/","title":{"rendered":"Pol\u00edtica de cookies"},"content":{"rendered":"<h2 data-start=\"165\" data-end=\"204\"><strong data-start=\"168\" data-end=\"204\">QUELLES COOKIES UTILISONS-NOUS ?<\/strong><\/h2>\n<p data-start=\"206\" data-end=\"417\">Un cookie est tout type de dispositif de stockage et de r\u00e9cup\u00e9ration de donn\u00e9es utilis\u00e9 sur l\u2019\u00e9quipement terminal d\u2019un utilisateur afin de stocker des informations et de r\u00e9cup\u00e9rer les informations d\u00e9j\u00e0 stock\u00e9es.<\/p>\n<p data-start=\"419\" data-end=\"902\">Les cookies font partie du site web. Lorsque vous acc\u00e9dez au site web, celui-ci fait en sorte que le navigateur cr\u00e9e sur votre appareil (ordinateur, tablette, t\u00e9l\u00e9phone, etc.) de petits fichiers contenant des informations. Ces fichiers (les cookies proprement dits) peuvent faire partie de la technologie n\u00e9cessaire au bon fonctionnement du site web et ne sont pas intrins\u00e8quement pr\u00e9judiciables, bien que vous puissiez consulter le type de cookies afin d\u2019en confirmer les finalit\u00e9s.<\/p>\n<p data-start=\"904\" data-end=\"1013\">Les cookies sont install\u00e9s et stock\u00e9s sur votre appareil et permettent de suivre votre activit\u00e9 sur Internet.<\/p>\n<p data-start=\"1015\" data-end=\"1308\">Vous pouvez configurer l\u2019utilisation des cookies, en plus de l\u2019Avis relatif aux Cookies au d\u00e9but de la session, dans la section de configuration de votre navigateur, bien qu\u2019il faille savoir que, dans ce cas, le site web ou certaines de ses sections pourraient ne pas fonctionner correctement.<\/p>\n<p data-start=\"1310\" data-end=\"1578\">La l\u00e9gislation actuelle permet de stocker des cookies sur votre appareil tant qu\u2019ils sont strictement n\u00e9cessaires au fonctionnement du site web. Pour tous les autres types de cookies, votre consentement expr\u00e8s est requis, comme indiqu\u00e9 dans l\u2019Avis relatif aux Cookies.<\/p>\n<p data-start=\"1580\" data-end=\"1712\">Le pr\u00e9sent site web utilise diff\u00e9rents types de cookies. Certains cookies sont plac\u00e9s par des services tiers pr\u00e9sents sur nos pages.<\/p>\n<p data-start=\"1714\" data-end=\"1807\">Vous pouvez \u00e0 tout moment modifier ou retirer votre consentement concernant leur utilisation.<\/p>\n<p data-start=\"1809\" data-end=\"2002\">Vous trouverez plus d\u2019informations sur qui nous sommes, comment nous contacter et comment nous traitons les donn\u00e9es personnelles dans la Politique de Confidentialit\u00e9 disponible sur ce site web.<\/p>\n<p data-start=\"2004\" data-end=\"2057\">Selon leur finalit\u00e9, ils sont divis\u00e9s en cat\u00e9gories :<\/p>\n<h3 data-start=\"2059\" data-end=\"2089\"><strong data-start=\"2063\" data-end=\"2087\">Cookies techniques :<\/strong><\/h3>\n<p data-start=\"2090\" data-end=\"3305\">Ce sont celles qui permettent \u00e0 l\u2019utilisateur de naviguer sur une page web, une plateforme ou une application et d\u2019utiliser les diff\u00e9rentes options ou services qui y existent, y compris celles utilis\u00e9es par l\u2019\u00e9diteur pour permettre la gestion et le fonctionnement du site web et activer ses fonctions et services. Par exemple : contr\u00f4ler le trafic et la communication de donn\u00e9es, identifier la session, acc\u00e9der \u00e0 des zones \u00e0 acc\u00e8s restreint, m\u00e9moriser les \u00e9l\u00e9ments d\u2019une commande, r\u00e9aliser le processus d&rsquo;achat, g\u00e9rer le paiement, contr\u00f4ler la fraude li\u00e9e \u00e0 la s\u00e9curit\u00e9 du service, r\u00e9aliser une demande d\u2019inscription ou de participation \u00e0 un \u00e9v\u00e9nement, comptabiliser les visites \u00e0 des fins de facturation des licences du logiciel, utiliser des \u00e9l\u00e9ments de s\u00e9curit\u00e9 lors de la navigation, stocker des contenus pour la diffusion de vid\u00e9os ou de sons, activer des contenus dynamiques (par exemple des animations de chargement), ou partager des contenus via les r\u00e9seaux sociaux.<br data-start=\"3064\" data-end=\"3067\" \/>Appartiennent \u00e9galement \u00e0 cette cat\u00e9gorie les cookies qui permettent la gestion des espaces publicitaires inclus dans une page web selon des crit\u00e8res tels que le contenu \u00e9dit\u00e9, sans collecter d\u2019informations \u00e0 des fins de personnalisation.<\/p>\n<h3 data-start=\"3307\" data-end=\"3364\"><strong data-start=\"3311\" data-end=\"3362\">Cookies de pr\u00e9f\u00e9rences ou de personnalisation :<\/strong><\/h3>\n<p data-start=\"3365\" data-end=\"3673\">Elles permettent de m\u00e9moriser des informations afin que l\u2019utilisateur acc\u00e8de au service avec des caract\u00e9ristiques sp\u00e9cifiques, par exemple : la langue, le nombre de r\u00e9sultats \u00e0 afficher lors d\u2019une recherche, l\u2019apparence ou le contenu du service en fonction du type de navigateur ou de la r\u00e9gion d\u2019acc\u00e8s, etc.<\/p>\n<h3 data-start=\"3675\" data-end=\"3717\"><strong data-start=\"3679\" data-end=\"3715\">Cookies d\u2019analyse ou de mesure :<\/strong><\/h3>\n<p data-start=\"3718\" data-end=\"4062\">Elles permettent de suivre et d\u2019analyser le comportement des utilisateurs des sites web auxquels elles sont li\u00e9es, y compris la quantification de l\u2019impact des annonces. Les informations recueillies servent \u00e0 mesurer l\u2019activit\u00e9 du site web, application ou plateforme, afin d\u2019y apporter des am\u00e9liorations bas\u00e9es sur l\u2019analyse des donn\u00e9es d\u2019usage.<\/p>\n<h3 data-start=\"4064\" data-end=\"4112\"><strong data-start=\"4068\" data-end=\"4110\">Cookies de publicit\u00e9 comportementale :<\/strong><\/h3>\n<p data-start=\"4113\" data-end=\"4355\">Elles stockent des informations sur le comportement des utilisateurs, obtenues par l\u2019observation continue de leurs habitudes de navigation, permettant de d\u00e9velopper un profil sp\u00e9cifique pour afficher de la publicit\u00e9 en fonction de ce dernier.<\/p>\n<hr data-start=\"4357\" data-end=\"4360\" \/>\n<p data-start=\"4362\" data-end=\"4422\">Selon leur dur\u00e9e d\u2019activit\u00e9 dans le terminal, on distingue :<\/p>\n<h3 data-start=\"4424\" data-end=\"4454\"><strong data-start=\"4428\" data-end=\"4452\">Cookies de session :<\/strong><\/h3>\n<p data-start=\"4455\" data-end=\"4593\">Con\u00e7ues pour collecter et stocker des donn\u00e9es pendant que l\u2019utilisateur acc\u00e8de \u00e0 une page web, elles disparaissent \u00e0 la fin de la session.<\/p>\n<h3 data-start=\"4595\" data-end=\"4627\"><strong data-start=\"4599\" data-end=\"4625\">Cookies persistantes :<\/strong><\/h3>\n<p data-start=\"4628\" data-end=\"4824\">Les donn\u00e9es restent stock\u00e9es dans le terminal et peuvent \u00eatre consult\u00e9es et trait\u00e9es pendant une p\u00e9riode d\u00e9finie par le responsable du cookie, pouvant aller de quelques minutes \u00e0 plusieurs ann\u00e9es.<\/p>\n<hr data-start=\"4826\" data-end=\"4829\" \/>\n<h2 data-start=\"4831\" data-end=\"4870\"><strong data-start=\"4834\" data-end=\"4870\">Quelles cookies utilisons-nous ?<\/strong><\/h2>\n<p data-start=\"4872\" data-end=\"4961\">Le pr\u00e9sent site utilise les cookies suivantes (distingu\u00e9es selon l\u2019entit\u00e9 qui les g\u00e8re) :<\/p>\n<h3 data-start=\"4963\" data-end=\"4990\"><strong data-start=\"4967\" data-end=\"4988\">Cookies propres :<\/strong><\/h3>\n<p data-start=\"4991\" data-end=\"5129\">Envoy\u00e9es au terminal de l\u2019utilisateur depuis un \u00e9quipement ou domaine g\u00e9r\u00e9 par l\u2019\u00e9diteur et \u00e0 partir duquel le service demand\u00e9 est fourni.<\/p>\n<h3 data-start=\"5131\" data-end=\"5159\"><strong data-start=\"5135\" data-end=\"5157\">Cookies de tiers :<\/strong><\/h3>\n<p data-start=\"5160\" data-end=\"5328\">Envoy\u00e9es au terminal de l\u2019utilisateur depuis un \u00e9quipement ou domaine non g\u00e9r\u00e9 par l\u2019\u00e9diteur, mais par une autre entit\u00e9 qui traite les donn\u00e9es obtenues via les cookies.<\/p>\n<hr data-start=\"5330\" data-end=\"5333\" \/>\n<h3 data-start=\"5335\" data-end=\"5361\"><strong data-start=\"5339\" data-end=\"5361\">D\u00e9tail des tiers :<\/strong><\/h3>\n<p data-start=\"5363\" data-end=\"5560\"><strong data-start=\"5363\" data-end=\"5385\">Google Analytics :<\/strong>\u00a0stocke des cookies afin d\u2019\u00e9laborer des statistiques sur le trafic et le volume de visites du site web. Vous pouvez configurer son acceptation via le plugin d\u2019avis de cookies.<\/p>\n<p data-start=\"5562\" data-end=\"5801\">Dans le cas des cookies Google Analytics, cela peut impliquer un transfert international de donn\u00e9es. Vous pouvez consulter les informations d\u00e9taill\u00e9es \u00e0 ce sujet, ainsi que l\u2019exercice de vos droits, en communiquant directement avec Google.<\/p>\n<p data-start=\"5803\" data-end=\"6305\"><strong data-start=\"5803\" data-end=\"5824\">R\u00e9seaux sociaux :<\/strong><br data-start=\"5824\" data-end=\"5827\" \/>Des connecteurs pour diverses plateformes (Twitter, Facebook, Linkedin, etc.) peuvent \u00eatre utilis\u00e9s. Si l\u2019utilisateur choisit l\u2019enregistrement social, il autorise le r\u00e9seau social \u00e0 stocker un cookie persistant qui m\u00e9morise son identification, facilitant ainsi l\u2019acc\u00e8s lors de futures visites.<br data-start=\"6120\" data-end=\"6123\" \/>Chaque r\u00e9seau social utilise ses propres cookies pour permettre les interactions (J\u2019aime, Partager\u2026). L\u2019exercice des droits devra se faire directement aupr\u00e8s de chaque r\u00e9seau social.<\/p>\n<hr data-start=\"6307\" data-end=\"6310\" \/>\n<h2 data-start=\"6312\" data-end=\"6340\"><strong data-start=\"6315\" data-end=\"6340\">NOTES SUPPL\u00c9MENTAIRES<\/strong><\/h2>\n<p data-start=\"6342\" data-end=\"6486\">Ni ce site ni ses repr\u00e9sentants l\u00e9gaux ne sont responsables du contenu ou de la v\u00e9racit\u00e9 des politiques de confidentialit\u00e9 des tiers mentionn\u00e9s.<\/p>\n<p data-start=\"6488\" data-end=\"6720\">Les navigateurs sont les outils charg\u00e9s de stocker les cookies ; vous devez donc y exercer votre droit de suppression ou d\u00e9sactivation. Nous ne pouvons garantir la manipulation correcte ou incorrecte des cookies par les navigateurs.<\/p>\n<p data-start=\"6722\" data-end=\"6857\">Dans certains cas, il est n\u00e9cessaire d\u2019installer des cookies pour que le navigateur n\u2019oublie pas votre d\u00e9cision de ne pas les accepter.<\/p>\n<p data-start=\"6859\" data-end=\"6964\">Pour toute question, contactez-nous via les moyens indiqu\u00e9s dans la politique de confidentialit\u00e9 du site.<\/p>\n<hr data-start=\"6966\" data-end=\"6969\" \/>\n<h2 data-start=\"6971\" data-end=\"7024\"><strong data-start=\"6974\" data-end=\"7024\">COMMENT RECONFIGURER OU D\u00c9SACTIVER LES COOKIES<\/strong><\/h2>\n<p data-start=\"7026\" data-end=\"7170\">\u00c0 tout moment, vous pouvez reconfigurer vos pr\u00e9f\u00e9rences en cliquant sur l\u2019onglet\u00a0<em data-start=\"7107\" data-end=\"7131\">Param\u00e8tres des Cookies<\/em>, situ\u00e9 en bas \u00e0 gauche de votre \u00e9cran.<\/p>\n<p data-start=\"7172\" data-end=\"7494\">Vous pouvez \u00e9galement configurer votre navigateur pour rejeter toutes les cookies. Cependant, certaines fonctionnalit\u00e9s peuvent ne pas fonctionner correctement sans cookies. La plupart des navigateurs permettent leur d\u00e9sactivation compl\u00e8te, vous offrant ainsi la possibilit\u00e9 de choisir celles que vous souhaitez autoriser.<\/p>\n<p data-start=\"7496\" data-end=\"7592\">Comme garantie compl\u00e9mentaire, vous pouvez r\u00e9voquer leur fonctionnement via les liens suivants :<\/p>\n<ul data-start=\"7594\" data-end=\"7752\">\n<li data-start=\"7594\" data-end=\"7620\">\n<p data-start=\"7596\" data-end=\"7620\">Pour Internet Explorer<\/p>\n<\/li>\n<li data-start=\"7621\" data-end=\"7643\">\n<p data-start=\"7623\" data-end=\"7643\">Pour Google Chrome<\/p>\n<\/li>\n<li data-start=\"7644\" data-end=\"7659\">\n<p data-start=\"7646\" data-end=\"7659\">Pour Safari<\/p>\n<\/li>\n<li data-start=\"7660\" data-end=\"7676\">\n<p data-start=\"7662\" data-end=\"7676\">Pour Firefox<\/p>\n<\/li>\n<li data-start=\"7677\" data-end=\"7696\">\n<p data-start=\"7679\" data-end=\"7696\">Pour Safari iOS<\/p>\n<\/li>\n<li data-start=\"7697\" data-end=\"7720\">\n<p data-start=\"7699\" data-end=\"7720\">Pour Google Android<\/p>\n<\/li>\n<li data-start=\"7721\" data-end=\"7735\">\n<p data-start=\"7723\" data-end=\"7735\">Pour Opera<\/p>\n<\/li>\n<li data-start=\"7736\" data-end=\"7752\">\n<p data-start=\"7738\" data-end=\"7752\">Pour Dolphin<\/p>\n<\/li>\n<\/ul>\n<p data-start=\"7754\" data-end=\"7984\">La plupart des navigateurs disposent \u00e9galement d\u2019un mode priv\u00e9 ou incognito, qui aide \u00e0 limiter l\u2019utilisation des cookies. Pour plus d\u2019informations, consultez :\u00a0<a class=\"decorated-link\" href=\"https:\/\/www.aepd.es\/es\/areas-de-actuacion\/recomendaciones\/informacion\" target=\"_new\" rel=\"noopener\" data-start=\"7915\" data-end=\"7984\">https:\/\/www.aepd.es\/es\/areas-de-actuacion\/recomendaciones\/informacion<\/a><\/p>\n","protected":false},"excerpt":{"rendered":"<p>QUELLES COOKIES UTILISONS-NOUS ? Un cookie est tout type de &#8230;<\/p>\n","protected":false},"author":1,"featured_media":0,"parent":0,"menu_order":0,"comment_status":"closed","ping_status":"closed","template":"","meta":{"_acf_changed":false,"footnotes":""},"class_list":["post-2072","page","type-page","status-publish","hentry"],"acf":[],"yoast_head":"<!-- This site is optimized with the Yoast SEO plugin v27.2 - https:\/\/yoast.com\/product\/yoast-seo-wordpress\/ -->\n<title>Pol\u00edtica de cookies - Aspla<\/title>\n<meta name=\"robots\" content=\"noindex, follow, max-snippet:-1, max-image-preview:large, max-video-preview:-1\" \/>\n<meta property=\"og:locale\" content=\"fr_FR\" \/>\n<meta property=\"og:type\" content=\"article\" \/>\n<meta property=\"og:title\" content=\"Pol\u00edtica de cookies - Aspla\" \/>\n<meta property=\"og:description\" content=\"QUELLES COOKIES UTILISONS-NOUS ? Un cookie est tout type de ...\" \/>\n<meta property=\"og:url\" content=\"https:\/\/staging.nuevaaspla.eurocastaliahost4.com\/fr\/politica-de-cookies\/\" \/>\n<meta property=\"og:site_name\" content=\"Aspla\" \/>\n<meta property=\"article:modified_time\" content=\"2025-12-05T10:49:39+00:00\" \/>\n<meta name=\"twitter:card\" content=\"summary_large_image\" \/>\n<meta name=\"twitter:label1\" content=\"Dur\u00e9e de lecture estim\u00e9e\" \/>\n\t<meta name=\"twitter:data1\" content=\"7 minutes\" \/>\n<script type=\"application\/ld+json\" class=\"yoast-schema-graph\">{\"@context\":\"https:\/\/schema.org\",\"@graph\":[{\"@type\":\"WebPage\",\"@id\":\"https:\/\/staging.nuevaaspla.eurocastaliahost4.com\/fr\/politica-de-cookies\/\",\"url\":\"https:\/\/staging.nuevaaspla.eurocastaliahost4.com\/fr\/politica-de-cookies\/\",\"name\":\"Pol\u00edtica de cookies - Aspla\",\"isPartOf\":{\"@id\":\"https:\/\/staging.nuevaaspla.eurocastaliahost4.com\/fr\/#website\"},\"datePublished\":\"2025-09-30T08:43:56+00:00\",\"dateModified\":\"2025-12-05T10:49:39+00:00\",\"breadcrumb\":{\"@id\":\"https:\/\/staging.nuevaaspla.eurocastaliahost4.com\/fr\/politica-de-cookies\/#breadcrumb\"},\"inLanguage\":\"fr-FR\",\"potentialAction\":[{\"@type\":\"ReadAction\",\"target\":[\"https:\/\/staging.nuevaaspla.eurocastaliahost4.com\/fr\/politica-de-cookies\/\"]}]},{\"@type\":\"BreadcrumbList\",\"@id\":\"https:\/\/staging.nuevaaspla.eurocastaliahost4.com\/fr\/politica-de-cookies\/#breadcrumb\",\"itemListElement\":[{\"@type\":\"ListItem\",\"position\":1,\"name\":\"Aspla\",\"item\":\"https:\/\/staging.nuevaaspla.eurocastaliahost4.com\/fr\/\"},{\"@type\":\"ListItem\",\"position\":2,\"name\":\"Pol\u00edtica de cookies\"}]},{\"@type\":\"WebSite\",\"@id\":\"https:\/\/staging.nuevaaspla.eurocastaliahost4.com\/fr\/#website\",\"url\":\"https:\/\/staging.nuevaaspla.eurocastaliahost4.com\/fr\/\",\"name\":\"Aspla\",\"description\":\"Pl\u00e1sticos espa\u00f1oles\",\"publisher\":{\"@id\":\"https:\/\/staging.nuevaaspla.eurocastaliahost4.com\/fr\/#organization\"},\"potentialAction\":[{\"@type\":\"SearchAction\",\"target\":{\"@type\":\"EntryPoint\",\"urlTemplate\":\"https:\/\/staging.nuevaaspla.eurocastaliahost4.com\/fr\/?s={search_term_string}\"},\"query-input\":{\"@type\":\"PropertyValueSpecification\",\"valueRequired\":true,\"valueName\":\"search_term_string\"}}],\"inLanguage\":\"fr-FR\"},{\"@type\":\"Organization\",\"@id\":\"https:\/\/staging.nuevaaspla.eurocastaliahost4.com\/fr\/#organization\",\"name\":\"Aspla\",\"url\":\"https:\/\/staging.nuevaaspla.eurocastaliahost4.com\/fr\/\",\"logo\":{\"@type\":\"ImageObject\",\"inLanguage\":\"fr-FR\",\"@id\":\"https:\/\/staging.nuevaaspla.eurocastaliahost4.com\/fr\/#\/schema\/logo\/image\/\",\"url\":\"\",\"contentUrl\":\"\",\"caption\":\"Aspla\"},\"image\":{\"@id\":\"https:\/\/staging.nuevaaspla.eurocastaliahost4.com\/fr\/#\/schema\/logo\/image\/\"}}]}<\/script>\n<!-- \/ Yoast SEO plugin. -->","yoast_head_json":{"title":"Pol\u00edtica de cookies - Aspla","robots":{"index":"noindex","follow":"follow","max-snippet":"max-snippet:-1","max-image-preview":"max-image-preview:large","max-video-preview":"max-video-preview:-1"},"og_locale":"fr_FR","og_type":"article","og_title":"Pol\u00edtica de cookies - Aspla","og_description":"QUELLES COOKIES UTILISONS-NOUS ? Un cookie est tout type de ...","og_url":"https:\/\/staging.nuevaaspla.eurocastaliahost4.com\/fr\/politica-de-cookies\/","og_site_name":"Aspla","article_modified_time":"2025-12-05T10:49:39+00:00","twitter_card":"summary_large_image","twitter_misc":{"Dur\u00e9e de lecture estim\u00e9e":"7 minutes"},"schema":{"@context":"https:\/\/schema.org","@graph":[{"@type":"WebPage","@id":"https:\/\/staging.nuevaaspla.eurocastaliahost4.com\/fr\/politica-de-cookies\/","url":"https:\/\/staging.nuevaaspla.eurocastaliahost4.com\/fr\/politica-de-cookies\/","name":"Pol\u00edtica de cookies - Aspla","isPartOf":{"@id":"https:\/\/staging.nuevaaspla.eurocastaliahost4.com\/fr\/#website"},"datePublished":"2025-09-30T08:43:56+00:00","dateModified":"2025-12-05T10:49:39+00:00","breadcrumb":{"@id":"https:\/\/staging.nuevaaspla.eurocastaliahost4.com\/fr\/politica-de-cookies\/#breadcrumb"},"inLanguage":"fr-FR","potentialAction":[{"@type":"ReadAction","target":["https:\/\/staging.nuevaaspla.eurocastaliahost4.com\/fr\/politica-de-cookies\/"]}]},{"@type":"BreadcrumbList","@id":"https:\/\/staging.nuevaaspla.eurocastaliahost4.com\/fr\/politica-de-cookies\/#breadcrumb","itemListElement":[{"@type":"ListItem","position":1,"name":"Aspla","item":"https:\/\/staging.nuevaaspla.eurocastaliahost4.com\/fr\/"},{"@type":"ListItem","position":2,"name":"Pol\u00edtica de cookies"}]},{"@type":"WebSite","@id":"https:\/\/staging.nuevaaspla.eurocastaliahost4.com\/fr\/#website","url":"https:\/\/staging.nuevaaspla.eurocastaliahost4.com\/fr\/","name":"Aspla","description":"Pl\u00e1sticos espa\u00f1oles","publisher":{"@id":"https:\/\/staging.nuevaaspla.eurocastaliahost4.com\/fr\/#organization"},"potentialAction":[{"@type":"SearchAction","target":{"@type":"EntryPoint","urlTemplate":"https:\/\/staging.nuevaaspla.eurocastaliahost4.com\/fr\/?s={search_term_string}"},"query-input":{"@type":"PropertyValueSpecification","valueRequired":true,"valueName":"search_term_string"}}],"inLanguage":"fr-FR"},{"@type":"Organization","@id":"https:\/\/staging.nuevaaspla.eurocastaliahost4.com\/fr\/#organization","name":"Aspla","url":"https:\/\/staging.nuevaaspla.eurocastaliahost4.com\/fr\/","logo":{"@type":"ImageObject","inLanguage":"fr-FR","@id":"https:\/\/staging.nuevaaspla.eurocastaliahost4.com\/fr\/#\/schema\/logo\/image\/","url":"","contentUrl":"","caption":"Aspla"},"image":{"@id":"https:\/\/staging.nuevaaspla.eurocastaliahost4.com\/fr\/#\/schema\/logo\/image\/"}}]}},"_links":{"self":[{"href":"https:\/\/staging.nuevaaspla.eurocastaliahost4.com\/fr\/wp-json\/wp\/v2\/pages\/2072","targetHints":{"allow":["GET"]}}],"collection":[{"href":"https:\/\/staging.nuevaaspla.eurocastaliahost4.com\/fr\/wp-json\/wp\/v2\/pages"}],"about":[{"href":"https:\/\/staging.nuevaaspla.eurocastaliahost4.com\/fr\/wp-json\/wp\/v2\/types\/page"}],"author":[{"embeddable":true,"href":"https:\/\/staging.nuevaaspla.eurocastaliahost4.com\/fr\/wp-json\/wp\/v2\/users\/1"}],"replies":[{"embeddable":true,"href":"https:\/\/staging.nuevaaspla.eurocastaliahost4.com\/fr\/wp-json\/wp\/v2\/comments?post=2072"}],"version-history":[{"count":2,"href":"https:\/\/staging.nuevaaspla.eurocastaliahost4.com\/fr\/wp-json\/wp\/v2\/pages\/2072\/revisions"}],"predecessor-version":[{"id":2084,"href":"https:\/\/staging.nuevaaspla.eurocastaliahost4.com\/fr\/wp-json\/wp\/v2\/pages\/2072\/revisions\/2084"}],"wp:attachment":[{"href":"https:\/\/staging.nuevaaspla.eurocastaliahost4.com\/fr\/wp-json\/wp\/v2\/media?parent=2072"}],"curies":[{"name":"wp","href":"https:\/\/api.w.org\/{rel}","templated":true}]}}