{"id":1717,"date":"2025-08-13T12:15:06","date_gmt":"2025-08-13T10:15:06","guid":{"rendered":"https:\/\/staging.nuevaaspla.eurocastaliahost4.com\/contacto\/"},"modified":"2025-12-05T13:54:30","modified_gmt":"2025-12-05T12:54:30","slug":"contacter","status":"publish","type":"page","link":"https:\/\/staging.nuevaaspla.eurocastaliahost4.com\/fr\/contacter\/","title":{"rendered":"Contacter"},"content":{"rendered":"<div class=\"fusion-fullwidth fullwidth-box fusion-builder-row-1 fusion-flex-container has-pattern-background has-mask-background nonhundred-percent-fullwidth non-hundred-percent-height-scrolling\" style=\"--link_hover_color: var(--awb-color3);--link_color: var(--awb-color5);--awb-border-radius-top-left:0px;--awb-border-radius-top-right:0px;--awb-border-radius-bottom-right:0px;--awb-border-radius-bottom-left:0px;--awb-flex-wrap:wrap;\" ><div class=\"fusion-builder-row fusion-row fusion-flex-align-items-flex-start fusion-flex-content-wrap\" style=\"max-width:1352px;margin-left: calc(-4% \/ 2 );margin-right: calc(-4% \/ 2 );\"><div class=\"fusion-layout-column fusion_builder_column fusion-builder-column-0 fusion_builder_column_1_2 1_2 fusion-flex-column\" style=\"--awb-bg-size:cover;--awb-width-large:50%;--awb-margin-top-large:0px;--awb-spacing-right-large:3.84%;--awb-margin-bottom-large:20px;--awb-spacing-left-large:3.84%;--awb-width-medium:50%;--awb-order-medium:0;--awb-spacing-right-medium:3.84%;--awb-spacing-left-medium:3.84%;--awb-width-small:100%;--awb-order-small:0;--awb-spacing-right-small:1.92%;--awb-spacing-left-small:1.92%;\"><div class=\"fusion-column-wrapper fusion-column-has-shadow fusion-flex-justify-content-flex-start fusion-content-layout-column\"><div class=\"fusion-title title fusion-title-1 fusion-sep-none fusion-title-text fusion-title-size-two\" style=\"--awb-margin-bottom:0px;\"><h2 class=\"fusion-title-heading title-heading-left\" style=\"margin:0;\">Besoin d&rsquo;aide\u202f?<\/h2><\/div><div class=\"fusion-title title fusion-title-2 fusion-sep-none fusion-title-text fusion-title-size-two\" style=\"--awb-text-color:var(--awb-color3);--awb-margin-top:0px;--awb-margin-bottom:40px;\"><h2 class=\"fusion-title-heading title-heading-left\" style=\"margin:0;\">Nous sommes \u00e0 votre disposition<\/h2><\/div><div class=\"fusion-text fusion-text-1\"><p>Si vous avez des questions, des commentaires ou si vous avez besoin de plus d&rsquo;informations, n&rsquo;h\u00e9sitez pas \u00e0 nous \u00e9crire. Laissez-nous votre message en remplissant le formulaire et nous vous contacterons dans les meilleurs d\u00e9lais.<\/p>\n<p>Vous pouvez \u00e9galement nous contacter par t\u00e9l\u00e9phone ou par courriel.<strong> Nous serons ravis de pouvoir vous aider\u202f!<\/strong><\/p>\n<\/div><div class=\"fusion-builder-row fusion-builder-row-inner fusion-row fusion-flex-align-items-flex-start fusion-flex-content-wrap\" style=\"width:104% !important;max-width:104% !important;margin-left: calc(-4% \/ 2 );margin-right: calc(-4% \/ 2 );\"><div class=\"fusion-layout-column fusion_builder_column_inner fusion-builder-nested-column-0 fusion-flex-column fusion-flex-align-self-center\" style=\"--awb-bg-size:cover;--awb-width-large:10%;--awb-margin-top-large:10px;--awb-spacing-right-large:0%;--awb-margin-bottom-large:10px;--awb-spacing-left-large:19.2%;--awb-width-medium:10%;--awb-order-medium:0;--awb-spacing-right-medium:0%;--awb-spacing-left-medium:19.2%;--awb-width-small:100%;--awb-order-small:0;--awb-spacing-right-small:1.92%;--awb-spacing-left-small:1.92%;\" data-scroll-devices=\"small-visibility,medium-visibility,large-visibility\"><div class=\"fusion-column-wrapper fusion-column-has-shadow fusion-flex-justify-content-center fusion-content-layout-column\"><i class=\"fb-icon-element-1 fb-icon-element fontawesome-icon fa-envelope fas circle-yes\" style=\"--awb-iconcolor:var(--awb-color5);--awb-iconcolor-hover:var(--awb-color5);--awb-circlecolor:var(--awb-color2);--awb-circlecolor-hover:var(--awb-color3);--awb-circlebordercolor-hover:var(--awb-color8);--awb-circlebordersize:0px;--awb-font-size:19.36px;--awb-width:38.72px;--awb-height:38.72px;--awb-line-height:38.72px;--awb-margin-top:0;--awb-margin-right:0;--awb-margin-bottom:0;--awb-margin-left:0;--awb-align-self:center;\"><\/i><\/div><\/div><div class=\"fusion-layout-column fusion_builder_column_inner fusion-builder-nested-column-1 fusion_builder_column_inner_1_3 1_3 fusion-flex-column fusion-flex-align-self-center\" style=\"--awb-bg-size:cover;--awb-width-large:33.333333333333%;--awb-margin-top-large:10px;--awb-spacing-right-large:5.76%;--awb-margin-bottom-large:10px;--awb-spacing-left-large:5.76%;--awb-width-medium:33.333333333333%;--awb-order-medium:0;--awb-spacing-right-medium:5.76%;--awb-spacing-left-medium:5.76%;--awb-width-small:100%;--awb-order-small:0;--awb-spacing-right-small:1.92%;--awb-spacing-left-small:1.92%;\" data-scroll-devices=\"small-visibility,medium-visibility,large-visibility\"><div class=\"fusion-column-wrapper fusion-column-has-shadow fusion-flex-justify-content-center fusion-content-layout-column\"><div class=\"fusion-text fusion-text-2 fusion-text-no-margin\" style=\"--awb-text-color:var(--awb-color5);--awb-margin-bottom:0px;\"><p><a href=\"mailto:info@macresac.com\">info@macresac.com<\/a><\/p>\n<\/div><\/div><\/div><div class=\"fusion-layout-column fusion_builder_column_inner fusion-builder-nested-column-2 fusion-flex-column fusion-flex-align-self-center\" style=\"--awb-bg-size:cover;--awb-width-large:10%;--awb-margin-top-large:10px;--awb-spacing-right-large:0%;--awb-margin-bottom-large:10px;--awb-spacing-left-large:19.2%;--awb-width-medium:10%;--awb-order-medium:0;--awb-spacing-right-medium:0%;--awb-spacing-left-medium:19.2%;--awb-width-small:100%;--awb-order-small:0;--awb-spacing-right-small:1.92%;--awb-spacing-left-small:1.92%;\" data-scroll-devices=\"small-visibility,medium-visibility,large-visibility\"><div class=\"fusion-column-wrapper fusion-column-has-shadow fusion-flex-justify-content-center fusion-content-layout-column\"><i class=\"fb-icon-element-2 fb-icon-element fontawesome-icon fa-phone-alt fas circle-yes\" style=\"--awb-iconcolor:var(--awb-color5);--awb-iconcolor-hover:var(--awb-color5);--awb-circlecolor:var(--awb-color2);--awb-circlecolor-hover:var(--awb-color3);--awb-circlebordersize:0px;--awb-font-size:19.36px;--awb-width:38.72px;--awb-height:38.72px;--awb-line-height:38.72px;--awb-margin-top:0;--awb-margin-right:0;--awb-margin-bottom:0;--awb-margin-left:0;--awb-align-self:center;\"><\/i><\/div><\/div><div class=\"fusion-layout-column fusion_builder_column_inner fusion-builder-nested-column-3 fusion_builder_column_inner_1_3 1_3 fusion-flex-column fusion-flex-align-self-center\" style=\"--awb-bg-size:cover;--awb-width-large:33.333333333333%;--awb-margin-top-large:10px;--awb-spacing-right-large:5.76%;--awb-margin-bottom-large:10px;--awb-spacing-left-large:5.76%;--awb-width-medium:33.333333333333%;--awb-order-medium:0;--awb-spacing-right-medium:5.76%;--awb-spacing-left-medium:5.76%;--awb-width-small:100%;--awb-order-small:0;--awb-spacing-right-small:1.92%;--awb-spacing-left-small:1.92%;\" data-scroll-devices=\"small-visibility,medium-visibility,large-visibility\"><div class=\"fusion-column-wrapper fusion-column-has-shadow fusion-flex-justify-content-center fusion-content-layout-column\"><div class=\"fusion-text fusion-text-3 fusion-text-no-margin\" style=\"--awb-text-color:var(--awb-color5);--awb-margin-bottom:0px;\"><p><a href=\"tel:+34977844201\" target=\"_blank\" rel=\"noopener\">977 84 42 01<\/a><\/p>\n<\/div><\/div><\/div><\/div><div style=\"--awb-margin-top:25px;--awb-margin-bottom:25px;--awb-popup-title-font-size:18px;--awb-popup-title-margin-top:2px;--awb-popup-title-margin-bottom:10px;--awb-popup-content-font-size:14px;\" class=\"awb-openstreet-map awb-openstreet-map-1\" data-map-style=\"osm-carto\" data-map-type=\"marker\" data-zoom=\"12.0\" data-zoomsnap=\"0.5\" data-zoomcontrol=\"1\" data-scrollwheelzoom=\"1\" data-dragging=\"1\" data-touchzoom=\"1\" data-dbclickzoom=\"1\" data-fitbounds=\"\" data-shape-color=\"rgba(22,159,219,1)\" data-shape-weight=\"3\"><div class=\"awb-openstreet-map-marker awb-openstreet-map-marker-1\" data-latitude=\"41.21282228002473\" data-longitude=\"1.1630570003391225\" data-icon=\"fa-map-marker-alt fas\" data-action=\"popup\"><div class=\"awb-openstreet-map-marker-icon-wrapper awb-openstreet-map-marker-anim-pulsating\" style=\"--awb-hover-background-color:var(--awb-color3);\"><i class=\"fa-map-marker-alt fas\"><\/i><\/div><div class=\"awb-openstreet-map-content-wrapper\"><h5 class=\"awb-openstreet-map-marker-title\">Oficina central<\/h5><div class=\"awb-openstreet-map-marker-content\">Cami Selva a Vilallonga, 16, 43470 La Selva del Camp, Tarragona<\/div><\/div><\/div><\/div><\/div><\/div><div class=\"fusion-layout-column fusion_builder_column fusion-builder-column-1 fusion_builder_column_1_2 1_2 fusion-flex-column\" style=\"--awb-bg-size:cover;--awb-width-large:50%;--awb-margin-top-large:0px;--awb-spacing-right-large:3.84%;--awb-margin-bottom-large:20px;--awb-spacing-left-large:3.84%;--awb-width-medium:50%;--awb-order-medium:0;--awb-spacing-right-medium:3.84%;--awb-spacing-left-medium:3.84%;--awb-width-small:100%;--awb-order-small:0;--awb-spacing-right-small:1.92%;--awb-spacing-left-small:1.92%;\"><div class=\"fusion-column-wrapper fusion-column-has-shadow fusion-flex-justify-content-flex-start fusion-content-layout-column\"><script charset=\"utf-8\" type=\"text\/javascript\" src=\"\/\/js-eu1.hsforms.net\/forms\/embed\/v2.js\"><\/script>\n<script>\n  hbspt.forms.create({\n    portalId: \"146984737\",\n    formId: \"58949daf-e280-4de0-b980-a44df8960fb6\",\n    region: \"eu1\"\n  });\n<\/script><\/div><\/div><\/div><\/div>\n","protected":false},"excerpt":{"rendered":"","protected":false},"author":1,"featured_media":1686,"parent":0,"menu_order":0,"comment_status":"closed","ping_status":"closed","template":"","meta":{"_acf_changed":false,"footnotes":""},"class_list":["post-1717","page","type-page","status-publish","has-post-thumbnail","hentry"],"acf":[],"yoast_head":"<!-- This site is optimized with the Yoast SEO plugin v27.2 - https:\/\/yoast.com\/product\/yoast-seo-wordpress\/ -->\n<title>Contacter - Aspla<\/title>\n<meta name=\"description\" content=\"Ponte en contacto con nosotros f\u00e1cilmente. Estamos aqu\u00ed para ayudarte con cualquier consulta o solicitud. Escr\u00edbenos o ll\u00e1manos hoy mismo.\" \/>\n<meta name=\"robots\" content=\"noindex, follow, max-snippet:-1, max-image-preview:large, max-video-preview:-1\" \/>\n<meta property=\"og:locale\" content=\"fr_FR\" \/>\n<meta property=\"og:type\" content=\"article\" \/>\n<meta property=\"og:title\" content=\"Contacter - Aspla\" \/>\n<meta property=\"og:description\" content=\"Ponte en contacto con nosotros f\u00e1cilmente. Estamos aqu\u00ed para ayudarte con cualquier consulta o solicitud. Escr\u00edbenos o ll\u00e1manos hoy mismo.\" \/>\n<meta property=\"og:url\" content=\"https:\/\/staging.nuevaaspla.eurocastaliahost4.com\/fr\/contacter\/\" \/>\n<meta property=\"og:site_name\" content=\"Aspla\" \/>\n<meta property=\"article:modified_time\" content=\"2025-12-05T12:54:30+00:00\" \/>\n<meta property=\"og:image\" content=\"https:\/\/staging.nuevaaspla.eurocastaliahost4.com\/wp-content\/uploads\/2025\/10\/botellasdeagua.jpg\" \/>\n\t<meta property=\"og:image:width\" content=\"1536\" \/>\n\t<meta property=\"og:image:height\" content=\"1024\" \/>\n\t<meta property=\"og:image:type\" content=\"image\/jpeg\" \/>\n<meta name=\"twitter:card\" content=\"summary_large_image\" \/>\n<meta name=\"twitter:label1\" content=\"Dur\u00e9e de lecture estim\u00e9e\" \/>\n\t<meta name=\"twitter:data1\" content=\"1 minute\" \/>\n<script type=\"application\/ld+json\" class=\"yoast-schema-graph\">{\"@context\":\"https:\/\/schema.org\",\"@graph\":[{\"@type\":\"WebPage\",\"@id\":\"https:\/\/staging.nuevaaspla.eurocastaliahost4.com\/fr\/contacter\/\",\"url\":\"https:\/\/staging.nuevaaspla.eurocastaliahost4.com\/fr\/contacter\/\",\"name\":\"Contacter - Aspla\",\"isPartOf\":{\"@id\":\"https:\/\/staging.nuevaaspla.eurocastaliahost4.com\/fr\/#website\"},\"primaryImageOfPage\":{\"@id\":\"https:\/\/staging.nuevaaspla.eurocastaliahost4.com\/fr\/contacter\/#primaryimage\"},\"image\":{\"@id\":\"https:\/\/staging.nuevaaspla.eurocastaliahost4.com\/fr\/contacter\/#primaryimage\"},\"thumbnailUrl\":\"https:\/\/staging.nuevaaspla.eurocastaliahost4.com\/wp-content\/uploads\/2025\/10\/botellasdeagua.jpg\",\"datePublished\":\"2025-08-13T10:15:06+00:00\",\"dateModified\":\"2025-12-05T12:54:30+00:00\",\"description\":\"Ponte en contacto con nosotros f\u00e1cilmente. Estamos aqu\u00ed para ayudarte con cualquier consulta o solicitud. Escr\u00edbenos o ll\u00e1manos hoy mismo.\",\"breadcrumb\":{\"@id\":\"https:\/\/staging.nuevaaspla.eurocastaliahost4.com\/fr\/contacter\/#breadcrumb\"},\"inLanguage\":\"fr-FR\",\"potentialAction\":[{\"@type\":\"ReadAction\",\"target\":[\"https:\/\/staging.nuevaaspla.eurocastaliahost4.com\/fr\/contacter\/\"]}]},{\"@type\":\"ImageObject\",\"inLanguage\":\"fr-FR\",\"@id\":\"https:\/\/staging.nuevaaspla.eurocastaliahost4.com\/fr\/contacter\/#primaryimage\",\"url\":\"https:\/\/staging.nuevaaspla.eurocastaliahost4.com\/wp-content\/uploads\/2025\/10\/botellasdeagua.jpg\",\"contentUrl\":\"https:\/\/staging.nuevaaspla.eurocastaliahost4.com\/wp-content\/uploads\/2025\/10\/botellasdeagua.jpg\",\"width\":1536,\"height\":1024},{\"@type\":\"BreadcrumbList\",\"@id\":\"https:\/\/staging.nuevaaspla.eurocastaliahost4.com\/fr\/contacter\/#breadcrumb\",\"itemListElement\":[{\"@type\":\"ListItem\",\"position\":1,\"name\":\"Aspla\",\"item\":\"https:\/\/staging.nuevaaspla.eurocastaliahost4.com\/fr\/\"},{\"@type\":\"ListItem\",\"position\":2,\"name\":\"Contacter\"}]},{\"@type\":\"WebSite\",\"@id\":\"https:\/\/staging.nuevaaspla.eurocastaliahost4.com\/fr\/#website\",\"url\":\"https:\/\/staging.nuevaaspla.eurocastaliahost4.com\/fr\/\",\"name\":\"Aspla\",\"description\":\"Pl\u00e1sticos espa\u00f1oles\",\"publisher\":{\"@id\":\"https:\/\/staging.nuevaaspla.eurocastaliahost4.com\/fr\/#organization\"},\"potentialAction\":[{\"@type\":\"SearchAction\",\"target\":{\"@type\":\"EntryPoint\",\"urlTemplate\":\"https:\/\/staging.nuevaaspla.eurocastaliahost4.com\/fr\/?s={search_term_string}\"},\"query-input\":{\"@type\":\"PropertyValueSpecification\",\"valueRequired\":true,\"valueName\":\"search_term_string\"}}],\"inLanguage\":\"fr-FR\"},{\"@type\":\"Organization\",\"@id\":\"https:\/\/staging.nuevaaspla.eurocastaliahost4.com\/fr\/#organization\",\"name\":\"Aspla\",\"url\":\"https:\/\/staging.nuevaaspla.eurocastaliahost4.com\/fr\/\",\"logo\":{\"@type\":\"ImageObject\",\"inLanguage\":\"fr-FR\",\"@id\":\"https:\/\/staging.nuevaaspla.eurocastaliahost4.com\/fr\/#\/schema\/logo\/image\/\",\"url\":\"\",\"contentUrl\":\"\",\"caption\":\"Aspla\"},\"image\":{\"@id\":\"https:\/\/staging.nuevaaspla.eurocastaliahost4.com\/fr\/#\/schema\/logo\/image\/\"}}]}<\/script>\n<!-- \/ Yoast SEO plugin. -->","yoast_head_json":{"title":"Contacter - Aspla","description":"Ponte en contacto con nosotros f\u00e1cilmente. Estamos aqu\u00ed para ayudarte con cualquier consulta o solicitud. Escr\u00edbenos o ll\u00e1manos hoy mismo.","robots":{"index":"noindex","follow":"follow","max-snippet":"max-snippet:-1","max-image-preview":"max-image-preview:large","max-video-preview":"max-video-preview:-1"},"og_locale":"fr_FR","og_type":"article","og_title":"Contacter - Aspla","og_description":"Ponte en contacto con nosotros f\u00e1cilmente. Estamos aqu\u00ed para ayudarte con cualquier consulta o solicitud. Escr\u00edbenos o ll\u00e1manos hoy mismo.","og_url":"https:\/\/staging.nuevaaspla.eurocastaliahost4.com\/fr\/contacter\/","og_site_name":"Aspla","article_modified_time":"2025-12-05T12:54:30+00:00","og_image":[{"width":1536,"height":1024,"url":"https:\/\/staging.nuevaaspla.eurocastaliahost4.com\/wp-content\/uploads\/2025\/10\/botellasdeagua.jpg","type":"image\/jpeg"}],"twitter_card":"summary_large_image","twitter_misc":{"Dur\u00e9e de lecture estim\u00e9e":"1 minute"},"schema":{"@context":"https:\/\/schema.org","@graph":[{"@type":"WebPage","@id":"https:\/\/staging.nuevaaspla.eurocastaliahost4.com\/fr\/contacter\/","url":"https:\/\/staging.nuevaaspla.eurocastaliahost4.com\/fr\/contacter\/","name":"Contacter - Aspla","isPartOf":{"@id":"https:\/\/staging.nuevaaspla.eurocastaliahost4.com\/fr\/#website"},"primaryImageOfPage":{"@id":"https:\/\/staging.nuevaaspla.eurocastaliahost4.com\/fr\/contacter\/#primaryimage"},"image":{"@id":"https:\/\/staging.nuevaaspla.eurocastaliahost4.com\/fr\/contacter\/#primaryimage"},"thumbnailUrl":"https:\/\/staging.nuevaaspla.eurocastaliahost4.com\/wp-content\/uploads\/2025\/10\/botellasdeagua.jpg","datePublished":"2025-08-13T10:15:06+00:00","dateModified":"2025-12-05T12:54:30+00:00","description":"Ponte en contacto con nosotros f\u00e1cilmente. Estamos aqu\u00ed para ayudarte con cualquier consulta o solicitud. Escr\u00edbenos o ll\u00e1manos hoy mismo.","breadcrumb":{"@id":"https:\/\/staging.nuevaaspla.eurocastaliahost4.com\/fr\/contacter\/#breadcrumb"},"inLanguage":"fr-FR","potentialAction":[{"@type":"ReadAction","target":["https:\/\/staging.nuevaaspla.eurocastaliahost4.com\/fr\/contacter\/"]}]},{"@type":"ImageObject","inLanguage":"fr-FR","@id":"https:\/\/staging.nuevaaspla.eurocastaliahost4.com\/fr\/contacter\/#primaryimage","url":"https:\/\/staging.nuevaaspla.eurocastaliahost4.com\/wp-content\/uploads\/2025\/10\/botellasdeagua.jpg","contentUrl":"https:\/\/staging.nuevaaspla.eurocastaliahost4.com\/wp-content\/uploads\/2025\/10\/botellasdeagua.jpg","width":1536,"height":1024},{"@type":"BreadcrumbList","@id":"https:\/\/staging.nuevaaspla.eurocastaliahost4.com\/fr\/contacter\/#breadcrumb","itemListElement":[{"@type":"ListItem","position":1,"name":"Aspla","item":"https:\/\/staging.nuevaaspla.eurocastaliahost4.com\/fr\/"},{"@type":"ListItem","position":2,"name":"Contacter"}]},{"@type":"WebSite","@id":"https:\/\/staging.nuevaaspla.eurocastaliahost4.com\/fr\/#website","url":"https:\/\/staging.nuevaaspla.eurocastaliahost4.com\/fr\/","name":"Aspla","description":"Pl\u00e1sticos espa\u00f1oles","publisher":{"@id":"https:\/\/staging.nuevaaspla.eurocastaliahost4.com\/fr\/#organization"},"potentialAction":[{"@type":"SearchAction","target":{"@type":"EntryPoint","urlTemplate":"https:\/\/staging.nuevaaspla.eurocastaliahost4.com\/fr\/?s={search_term_string}"},"query-input":{"@type":"PropertyValueSpecification","valueRequired":true,"valueName":"search_term_string"}}],"inLanguage":"fr-FR"},{"@type":"Organization","@id":"https:\/\/staging.nuevaaspla.eurocastaliahost4.com\/fr\/#organization","name":"Aspla","url":"https:\/\/staging.nuevaaspla.eurocastaliahost4.com\/fr\/","logo":{"@type":"ImageObject","inLanguage":"fr-FR","@id":"https:\/\/staging.nuevaaspla.eurocastaliahost4.com\/fr\/#\/schema\/logo\/image\/","url":"","contentUrl":"","caption":"Aspla"},"image":{"@id":"https:\/\/staging.nuevaaspla.eurocastaliahost4.com\/fr\/#\/schema\/logo\/image\/"}}]}},"_links":{"self":[{"href":"https:\/\/staging.nuevaaspla.eurocastaliahost4.com\/fr\/wp-json\/wp\/v2\/pages\/1717","targetHints":{"allow":["GET"]}}],"collection":[{"href":"https:\/\/staging.nuevaaspla.eurocastaliahost4.com\/fr\/wp-json\/wp\/v2\/pages"}],"about":[{"href":"https:\/\/staging.nuevaaspla.eurocastaliahost4.com\/fr\/wp-json\/wp\/v2\/types\/page"}],"author":[{"embeddable":true,"href":"https:\/\/staging.nuevaaspla.eurocastaliahost4.com\/fr\/wp-json\/wp\/v2\/users\/1"}],"replies":[{"embeddable":true,"href":"https:\/\/staging.nuevaaspla.eurocastaliahost4.com\/fr\/wp-json\/wp\/v2\/comments?post=1717"}],"version-history":[{"count":3,"href":"https:\/\/staging.nuevaaspla.eurocastaliahost4.com\/fr\/wp-json\/wp\/v2\/pages\/1717\/revisions"}],"predecessor-version":[{"id":2169,"href":"https:\/\/staging.nuevaaspla.eurocastaliahost4.com\/fr\/wp-json\/wp\/v2\/pages\/1717\/revisions\/2169"}],"wp:featuredmedia":[{"embeddable":true,"href":"https:\/\/staging.nuevaaspla.eurocastaliahost4.com\/fr\/wp-json\/wp\/v2\/media\/1686"}],"wp:attachment":[{"href":"https:\/\/staging.nuevaaspla.eurocastaliahost4.com\/fr\/wp-json\/wp\/v2\/media?parent=1717"}],"curies":[{"name":"wp","href":"https:\/\/api.w.org\/{rel}","templated":true}]}}