{"id":1954,"date":"2025-06-30T11:46:06","date_gmt":"2025-06-30T09:46:06","guid":{"rendered":"https:\/\/staging.nuevaaspla.eurocastaliahost4.com\/delegaciones\/"},"modified":"2025-12-05T10:00:11","modified_gmt":"2025-12-05T09:00:11","slug":"branches","status":"publish","type":"page","link":"https:\/\/staging.nuevaaspla.eurocastaliahost4.com\/en\/branches\/","title":{"rendered":"Branches"},"content":{"rendered":"<div class=\"fusion-fullwidth fullwidth-box fusion-builder-row-1 fusion-flex-container has-pattern-background has-mask-background hundred-percent-fullwidth non-hundred-percent-height-scrolling\" style=\"--awb-border-radius-top-left:0px;--awb-border-radius-top-right:0px;--awb-border-radius-bottom-right:0px;--awb-border-radius-bottom-left:0px;--awb-flex-wrap:wrap;\" ><div class=\"fusion-builder-row fusion-row fusion-flex-align-items-flex-start fusion-flex-content-wrap\" style=\"width:104% !important;max-width:104% !important;margin-left: calc(-4% \/ 2 );margin-right: calc(-4% \/ 2 );\"><div class=\"fusion-layout-column fusion_builder_column fusion-builder-column-0 fusion_builder_column_1_1 1_1 fusion-flex-column\" style=\"--awb-bg-size:cover;--awb-width-large:100%;--awb-margin-top-large:0%;--awb-spacing-right-large:0%;--awb-margin-bottom-large:0%;--awb-spacing-left-large:0%;--awb-width-medium:100%;--awb-order-medium:0;--awb-spacing-right-medium:0%;--awb-spacing-left-medium:0%;--awb-width-small:100%;--awb-order-small:0;--awb-spacing-right-small:1.92%;--awb-spacing-left-small:1.92%;\"><div class=\"fusion-column-wrapper fusion-column-has-shadow fusion-flex-justify-content-flex-start fusion-content-layout-column\"><div style=\"--awb-width:2100px;--awb-height:700px;--awb-popup-title-font-size:16px;--awb-popup-title-margin-top:2px;--awb-popup-title-margin-bottom:10px;--awb-popup-content-font-size:14px;--awb-popup-title-font-family:&quot;Poppins&quot;;--awb-popup-title-font-style:normal;--awb-popup-title-font-weight:700;\" class=\"awb-openstreet-map awb-openstreet-map-1\" data-map-style=\"osm-carto\" data-map-type=\"marker\" data-zoom=\"14\" data-zoomsnap=\"1.0\" data-zoomcontrol=\"1\" data-scrollwheelzoom=\"1\" data-dragging=\"1\" data-touchzoom=\"1\" data-dbclickzoom=\"1\" data-fitbounds=\"1\" data-shape-color=\"rgba(22,159,219,1)\" data-shape-weight=\"3\"><div class=\"awb-openstreet-map-marker awb-openstreet-map-marker-1\" data-latitude=\"41.21591395972017\" data-longitude=\"1.1629240296680954\" data-icon=\"fa-map-marker-alt fas\" data-action=\"popup\"><div class=\"awb-openstreet-map-marker-icon-wrapper\" style=\"--awb-color:var(--awb-color5);--awb-background-color:rgba(51,51,51,0);--awb-hover-background-color:var(--awb-color5);\"><i class=\"fa-map-marker-alt fas\"><\/i><\/div><div class=\"awb-openstreet-map-content-wrapper\"><h5 class=\"awb-openstreet-map-marker-title\">CATALUNYA<\/h5><div class=\"awb-openstreet-map-marker-content\">Crtra. Selva-Vilallonga km. 1. La Selva del Camp, CP 43470\n<\/br>\n<\/br>\nTel: <bold>+34 93 898 11 11<\/bold>\n<\/br>\nFax: <bold> +34 93 818 65 80<\/bold>\n<br><\/div><\/div><\/div><div class=\"awb-openstreet-map-marker awb-openstreet-map-marker-2\" data-latitude=\"37.3732316343243\" data-longitude=\"-5.882777582473921\" data-icon=\"fa-map-marker-alt fas\" data-action=\"popup\"><div class=\"awb-openstreet-map-marker-icon-wrapper\" style=\"--awb-color:var(--awb-color5);--awb-background-color:rgba(51,51,51,0);--awb-hover-background-color:var(--awb-color5);\"><i class=\"fa-map-marker-alt fas\"><\/i><\/div><div class=\"awb-openstreet-map-content-wrapper\"><h5 class=\"awb-openstreet-map-marker-title\">SUR<\/h5><div class=\"awb-openstreet-map-marker-content\">Pol. Ind. La Red. Autov\u00eda Sevilla-M\u00e1laga, km. 541500 Alcal\u00e1 de Guadaira (Sevilla)\n<br>\n<\/br>\nTel: <bold>+34 95 563 13 92<\/bold>\n<\/br>\nFax: <bold>+34 95 563 02 85<\/bold><\/div><\/div><\/div><div class=\"awb-openstreet-map-marker awb-openstreet-map-marker-3\" data-latitude=\"38.990840596885135\" data-longitude=\"-0.5219687199899679\" data-icon=\"fa-map-marker-alt fas\" data-action=\"popup\"><div class=\"awb-openstreet-map-marker-icon-wrapper\" style=\"--awb-color:var(--awb-color5);--awb-background-color:rgba(51,51,51,0);--awb-hover-background-color:var(--awb-color5);\"><i class=\"fa-map-marker-alt fas\"><\/i><\/div><div class=\"awb-openstreet-map-content-wrapper\"><h5 class=\"awb-openstreet-map-marker-title\">VALENCIA<\/h5><div class=\"awb-openstreet-map-marker-content\">C\/Carlos Sharthou 4 Bajo--46800 XATIVA (VALENCIA)\n<\/br>\n<\/br>\nTel: <bold>+34 96 228 71 21<\/bold>\n<\/br>\nFax:<bold> +34 96 149 30 37<\/bold><\/div><\/div><\/div><div class=\"awb-openstreet-map-marker awb-openstreet-map-marker-4\" data-latitude=\"43.35486675490374\" data-longitude=\"-4.051827868255541\" data-icon=\"fa-map-marker-alt fas\" data-action=\"popup\"><div class=\"awb-openstreet-map-marker-icon-wrapper\" style=\"--awb-color:var(--awb-color5);--awb-background-color:rgba(51,51,51,0);--awb-hover-background-color:var(--awb-color5);\"><i class=\"fa-map-marker-alt fas\"><\/i><\/div><div class=\"awb-openstreet-map-content-wrapper\"><h5 class=\"awb-openstreet-map-marker-title\">NORTE<\/h5><div class=\"awb-openstreet-map-marker-content\">Avda. Pablo Garnica, 20. 39300 Torrelavega (Cantabria)\n<br>\n<\/br>\nTel: <bold>+34 942 89 78 12<\/bold>\n<\/br>\nFax: <bold>+34 942 84 62 21<\/bold><\/div><\/div><\/div><div class=\"awb-openstreet-map-marker awb-openstreet-map-marker-5\" data-latitude=\"40.42940337485479 \" data-longitude=\"-3.6868443612244834\" data-icon=\"fa-map-marker-alt fas\" data-action=\"popup\"><div class=\"awb-openstreet-map-marker-icon-wrapper\" style=\"--awb-color:var(--awb-color5);--awb-background-color:rgba(51,51,51,0);--awb-hover-background-color:var(--awb-color5);\"><i class=\"fa-map-marker-alt fas\"><\/i><\/div><div class=\"awb-openstreet-map-content-wrapper\"><h5 class=\"awb-openstreet-map-marker-title\">CENTRO<\/h5><div class=\"awb-openstreet-map-marker-content\">C\/ Don Ram\u00f3n de la Cruz, 1-2\u00aa (Esq. C\/ Serrano). 28001 (Madrid)\n<br>\n<\/br>\nTel: <bold>+34 91 577 71 83<\/bold>\n<\/br>\nFax:<bold> +34 91 575 50 90<\/bold><\/div><\/div><\/div><\/div><\/div><\/div><\/div><\/div>\n","protected":false},"excerpt":{"rendered":"","protected":false},"author":1,"featured_media":1681,"parent":0,"menu_order":0,"comment_status":"closed","ping_status":"closed","template":"100-width.php","meta":{"_acf_changed":false,"footnotes":""},"class_list":["post-1954","page","type-page","status-publish","has-post-thumbnail","hentry"],"acf":[],"yoast_head":"<!-- This site is optimized with the Yoast SEO plugin v27.2 - https:\/\/yoast.com\/product\/yoast-seo-wordpress\/ -->\n<title>Branches - Aspla<\/title>\n<meta name=\"description\" content=\"Consulta las delegaciones de Macresac en toda Espa\u00f1a. Atenci\u00f3n profesional, cercan\u00eda y soluciones adaptadas a cada regi\u00f3n.\" \/>\n<meta name=\"robots\" content=\"noindex, follow, max-snippet:-1, max-image-preview:large, max-video-preview:-1\" \/>\n<meta property=\"og:locale\" content=\"en_US\" \/>\n<meta property=\"og:type\" content=\"article\" \/>\n<meta property=\"og:title\" content=\"Branches - Aspla\" \/>\n<meta property=\"og:description\" content=\"Consulta las delegaciones de Macresac en toda Espa\u00f1a. Atenci\u00f3n profesional, cercan\u00eda y soluciones adaptadas a cada regi\u00f3n.\" \/>\n<meta property=\"og:url\" content=\"https:\/\/staging.nuevaaspla.eurocastaliahost4.com\/en\/branches\/\" \/>\n<meta property=\"og:site_name\" content=\"Aspla\" \/>\n<meta property=\"article:modified_time\" content=\"2025-12-05T09:00:11+00:00\" \/>\n<meta property=\"og:image\" content=\"https:\/\/staging.nuevaaspla.eurocastaliahost4.com\/wp-content\/uploads\/2025\/10\/Image-17-min-scaled.jpg\" \/>\n\t<meta property=\"og:image:width\" content=\"2560\" \/>\n\t<meta property=\"og:image:height\" content=\"1920\" \/>\n\t<meta property=\"og:image:type\" content=\"image\/jpeg\" \/>\n<meta name=\"twitter:card\" content=\"summary_large_image\" \/>\n<meta name=\"twitter:label1\" content=\"Est. reading time\" \/>\n\t<meta name=\"twitter:data1\" content=\"1 minute\" \/>\n<script type=\"application\/ld+json\" class=\"yoast-schema-graph\">{\"@context\":\"https:\/\/schema.org\",\"@graph\":[{\"@type\":\"WebPage\",\"@id\":\"https:\/\/staging.nuevaaspla.eurocastaliahost4.com\/en\/branches\/\",\"url\":\"https:\/\/staging.nuevaaspla.eurocastaliahost4.com\/en\/branches\/\",\"name\":\"Branches - Aspla\",\"isPartOf\":{\"@id\":\"https:\/\/staging.nuevaaspla.eurocastaliahost4.com\/en\/#website\"},\"primaryImageOfPage\":{\"@id\":\"https:\/\/staging.nuevaaspla.eurocastaliahost4.com\/en\/branches\/#primaryimage\"},\"image\":{\"@id\":\"https:\/\/staging.nuevaaspla.eurocastaliahost4.com\/en\/branches\/#primaryimage\"},\"thumbnailUrl\":\"https:\/\/staging.nuevaaspla.eurocastaliahost4.com\/wp-content\/uploads\/2025\/10\/Image-17-min-scaled.jpg\",\"datePublished\":\"2025-06-30T09:46:06+00:00\",\"dateModified\":\"2025-12-05T09:00:11+00:00\",\"description\":\"Consulta las delegaciones de Macresac en toda Espa\u00f1a. Atenci\u00f3n profesional, cercan\u00eda y soluciones adaptadas a cada regi\u00f3n.\",\"breadcrumb\":{\"@id\":\"https:\/\/staging.nuevaaspla.eurocastaliahost4.com\/en\/branches\/#breadcrumb\"},\"inLanguage\":\"en-US\",\"potentialAction\":[{\"@type\":\"ReadAction\",\"target\":[\"https:\/\/staging.nuevaaspla.eurocastaliahost4.com\/en\/branches\/\"]}]},{\"@type\":\"ImageObject\",\"inLanguage\":\"en-US\",\"@id\":\"https:\/\/staging.nuevaaspla.eurocastaliahost4.com\/en\/branches\/#primaryimage\",\"url\":\"https:\/\/staging.nuevaaspla.eurocastaliahost4.com\/wp-content\/uploads\/2025\/10\/Image-17-min-scaled.jpg\",\"contentUrl\":\"https:\/\/staging.nuevaaspla.eurocastaliahost4.com\/wp-content\/uploads\/2025\/10\/Image-17-min-scaled.jpg\",\"width\":2560,\"height\":1920},{\"@type\":\"BreadcrumbList\",\"@id\":\"https:\/\/staging.nuevaaspla.eurocastaliahost4.com\/en\/branches\/#breadcrumb\",\"itemListElement\":[{\"@type\":\"ListItem\",\"position\":1,\"name\":\"Aspla\",\"item\":\"https:\/\/staging.nuevaaspla.eurocastaliahost4.com\/en\/\"},{\"@type\":\"ListItem\",\"position\":2,\"name\":\"Branches\"}]},{\"@type\":\"WebSite\",\"@id\":\"https:\/\/staging.nuevaaspla.eurocastaliahost4.com\/en\/#website\",\"url\":\"https:\/\/staging.nuevaaspla.eurocastaliahost4.com\/en\/\",\"name\":\"Aspla\",\"description\":\"Pl\u00e1sticos espa\u00f1oles\",\"publisher\":{\"@id\":\"https:\/\/staging.nuevaaspla.eurocastaliahost4.com\/en\/#organization\"},\"potentialAction\":[{\"@type\":\"SearchAction\",\"target\":{\"@type\":\"EntryPoint\",\"urlTemplate\":\"https:\/\/staging.nuevaaspla.eurocastaliahost4.com\/en\/?s={search_term_string}\"},\"query-input\":{\"@type\":\"PropertyValueSpecification\",\"valueRequired\":true,\"valueName\":\"search_term_string\"}}],\"inLanguage\":\"en-US\"},{\"@type\":\"Organization\",\"@id\":\"https:\/\/staging.nuevaaspla.eurocastaliahost4.com\/en\/#organization\",\"name\":\"Aspla\",\"url\":\"https:\/\/staging.nuevaaspla.eurocastaliahost4.com\/en\/\",\"logo\":{\"@type\":\"ImageObject\",\"inLanguage\":\"en-US\",\"@id\":\"https:\/\/staging.nuevaaspla.eurocastaliahost4.com\/en\/#\/schema\/logo\/image\/\",\"url\":\"\",\"contentUrl\":\"\",\"caption\":\"Aspla\"},\"image\":{\"@id\":\"https:\/\/staging.nuevaaspla.eurocastaliahost4.com\/en\/#\/schema\/logo\/image\/\"}}]}<\/script>\n<!-- \/ Yoast SEO plugin. -->","yoast_head_json":{"title":"Branches - Aspla","description":"Consulta las delegaciones de Macresac en toda Espa\u00f1a. Atenci\u00f3n profesional, cercan\u00eda y soluciones adaptadas a cada regi\u00f3n.","robots":{"index":"noindex","follow":"follow","max-snippet":"max-snippet:-1","max-image-preview":"max-image-preview:large","max-video-preview":"max-video-preview:-1"},"og_locale":"en_US","og_type":"article","og_title":"Branches - Aspla","og_description":"Consulta las delegaciones de Macresac en toda Espa\u00f1a. Atenci\u00f3n profesional, cercan\u00eda y soluciones adaptadas a cada regi\u00f3n.","og_url":"https:\/\/staging.nuevaaspla.eurocastaliahost4.com\/en\/branches\/","og_site_name":"Aspla","article_modified_time":"2025-12-05T09:00:11+00:00","og_image":[{"width":2560,"height":1920,"url":"https:\/\/staging.nuevaaspla.eurocastaliahost4.com\/wp-content\/uploads\/2025\/10\/Image-17-min-scaled.jpg","type":"image\/jpeg"}],"twitter_card":"summary_large_image","twitter_misc":{"Est. reading time":"1 minute"},"schema":{"@context":"https:\/\/schema.org","@graph":[{"@type":"WebPage","@id":"https:\/\/staging.nuevaaspla.eurocastaliahost4.com\/en\/branches\/","url":"https:\/\/staging.nuevaaspla.eurocastaliahost4.com\/en\/branches\/","name":"Branches - Aspla","isPartOf":{"@id":"https:\/\/staging.nuevaaspla.eurocastaliahost4.com\/en\/#website"},"primaryImageOfPage":{"@id":"https:\/\/staging.nuevaaspla.eurocastaliahost4.com\/en\/branches\/#primaryimage"},"image":{"@id":"https:\/\/staging.nuevaaspla.eurocastaliahost4.com\/en\/branches\/#primaryimage"},"thumbnailUrl":"https:\/\/staging.nuevaaspla.eurocastaliahost4.com\/wp-content\/uploads\/2025\/10\/Image-17-min-scaled.jpg","datePublished":"2025-06-30T09:46:06+00:00","dateModified":"2025-12-05T09:00:11+00:00","description":"Consulta las delegaciones de Macresac en toda Espa\u00f1a. Atenci\u00f3n profesional, cercan\u00eda y soluciones adaptadas a cada regi\u00f3n.","breadcrumb":{"@id":"https:\/\/staging.nuevaaspla.eurocastaliahost4.com\/en\/branches\/#breadcrumb"},"inLanguage":"en-US","potentialAction":[{"@type":"ReadAction","target":["https:\/\/staging.nuevaaspla.eurocastaliahost4.com\/en\/branches\/"]}]},{"@type":"ImageObject","inLanguage":"en-US","@id":"https:\/\/staging.nuevaaspla.eurocastaliahost4.com\/en\/branches\/#primaryimage","url":"https:\/\/staging.nuevaaspla.eurocastaliahost4.com\/wp-content\/uploads\/2025\/10\/Image-17-min-scaled.jpg","contentUrl":"https:\/\/staging.nuevaaspla.eurocastaliahost4.com\/wp-content\/uploads\/2025\/10\/Image-17-min-scaled.jpg","width":2560,"height":1920},{"@type":"BreadcrumbList","@id":"https:\/\/staging.nuevaaspla.eurocastaliahost4.com\/en\/branches\/#breadcrumb","itemListElement":[{"@type":"ListItem","position":1,"name":"Aspla","item":"https:\/\/staging.nuevaaspla.eurocastaliahost4.com\/en\/"},{"@type":"ListItem","position":2,"name":"Branches"}]},{"@type":"WebSite","@id":"https:\/\/staging.nuevaaspla.eurocastaliahost4.com\/en\/#website","url":"https:\/\/staging.nuevaaspla.eurocastaliahost4.com\/en\/","name":"Aspla","description":"Pl\u00e1sticos espa\u00f1oles","publisher":{"@id":"https:\/\/staging.nuevaaspla.eurocastaliahost4.com\/en\/#organization"},"potentialAction":[{"@type":"SearchAction","target":{"@type":"EntryPoint","urlTemplate":"https:\/\/staging.nuevaaspla.eurocastaliahost4.com\/en\/?s={search_term_string}"},"query-input":{"@type":"PropertyValueSpecification","valueRequired":true,"valueName":"search_term_string"}}],"inLanguage":"en-US"},{"@type":"Organization","@id":"https:\/\/staging.nuevaaspla.eurocastaliahost4.com\/en\/#organization","name":"Aspla","url":"https:\/\/staging.nuevaaspla.eurocastaliahost4.com\/en\/","logo":{"@type":"ImageObject","inLanguage":"en-US","@id":"https:\/\/staging.nuevaaspla.eurocastaliahost4.com\/en\/#\/schema\/logo\/image\/","url":"","contentUrl":"","caption":"Aspla"},"image":{"@id":"https:\/\/staging.nuevaaspla.eurocastaliahost4.com\/en\/#\/schema\/logo\/image\/"}}]}},"_links":{"self":[{"href":"https:\/\/staging.nuevaaspla.eurocastaliahost4.com\/en\/wp-json\/wp\/v2\/pages\/1954","targetHints":{"allow":["GET"]}}],"collection":[{"href":"https:\/\/staging.nuevaaspla.eurocastaliahost4.com\/en\/wp-json\/wp\/v2\/pages"}],"about":[{"href":"https:\/\/staging.nuevaaspla.eurocastaliahost4.com\/en\/wp-json\/wp\/v2\/types\/page"}],"author":[{"embeddable":true,"href":"https:\/\/staging.nuevaaspla.eurocastaliahost4.com\/en\/wp-json\/wp\/v2\/users\/1"}],"replies":[{"embeddable":true,"href":"https:\/\/staging.nuevaaspla.eurocastaliahost4.com\/en\/wp-json\/wp\/v2\/comments?post=1954"}],"version-history":[{"count":1,"href":"https:\/\/staging.nuevaaspla.eurocastaliahost4.com\/en\/wp-json\/wp\/v2\/pages\/1954\/revisions"}],"predecessor-version":[{"id":1955,"href":"https:\/\/staging.nuevaaspla.eurocastaliahost4.com\/en\/wp-json\/wp\/v2\/pages\/1954\/revisions\/1955"}],"wp:featuredmedia":[{"embeddable":true,"href":"https:\/\/staging.nuevaaspla.eurocastaliahost4.com\/en\/wp-json\/wp\/v2\/media\/1681"}],"wp:attachment":[{"href":"https:\/\/staging.nuevaaspla.eurocastaliahost4.com\/en\/wp-json\/wp\/v2\/media?parent=1954"}],"curies":[{"name":"wp","href":"https:\/\/api.w.org\/{rel}","templated":true}]}}