{"id":1721,"date":"2025-08-13T12:15:06","date_gmt":"2025-08-13T10:15:06","guid":{"rendered":"https:\/\/staging.nuevaaspla.eurocastaliahost4.com\/contacter\/"},"modified":"2025-12-05T13:36:48","modified_gmt":"2025-12-05T12:36:48","slug":"contact-us","status":"publish","type":"page","link":"https:\/\/staging.nuevaaspla.eurocastaliahost4.com\/en\/contact-us\/","title":{"rendered":"Contact us"},"content":{"rendered":"<div class=\"fusion-fullwidth fullwidth-box fusion-builder-row-1 fusion-flex-container has-pattern-background has-mask-background nonhundred-percent-fullwidth non-hundred-percent-height-scrolling\" style=\"--link_hover_color: var(--awb-color3);--link_color: var(--awb-color5);--awb-border-radius-top-left:0px;--awb-border-radius-top-right:0px;--awb-border-radius-bottom-right:0px;--awb-border-radius-bottom-left:0px;--awb-flex-wrap:wrap;\" ><div class=\"fusion-builder-row fusion-row fusion-flex-align-items-flex-start fusion-flex-content-wrap\" style=\"max-width:1352px;margin-left: calc(-4% \/ 2 );margin-right: calc(-4% \/ 2 );\"><div class=\"fusion-layout-column fusion_builder_column fusion-builder-column-0 fusion_builder_column_1_2 1_2 fusion-flex-column\" style=\"--awb-bg-size:cover;--awb-width-large:50%;--awb-margin-top-large:0px;--awb-spacing-right-large:3.84%;--awb-margin-bottom-large:20px;--awb-spacing-left-large:3.84%;--awb-width-medium:50%;--awb-order-medium:0;--awb-spacing-right-medium:3.84%;--awb-spacing-left-medium:3.84%;--awb-width-small:100%;--awb-order-small:0;--awb-spacing-right-small:1.92%;--awb-spacing-left-small:1.92%;\"><div class=\"fusion-column-wrapper fusion-column-has-shadow fusion-flex-justify-content-flex-start fusion-content-layout-column\"><div class=\"fusion-title title fusion-title-1 fusion-sep-none fusion-title-text fusion-title-size-two\" style=\"--awb-margin-bottom:0px;\"><h2 class=\"fusion-title-heading title-heading-left\" style=\"margin:0;\">Can we help you?<\/h2><\/div><div class=\"fusion-title title fusion-title-2 fusion-sep-none fusion-title-text fusion-title-size-two\" style=\"--awb-text-color:var(--awb-color3);--awb-margin-top:0px;--awb-margin-bottom:40px;\"><h2 class=\"fusion-title-heading title-heading-left\" style=\"margin:0;\">We are here for you<\/h2><\/div><div class=\"fusion-text fusion-text-1\"><p>Please do not hesitate to write to us if you have any questions, comments or would like further information. Leave us your message by filling out this form and we will contact you as soon as possible.<\/p>\n<p>You can also contact us by phone or email.<strong>\u202fWe are happy to help you!<\/strong><\/p>\n<\/div><div class=\"fusion-builder-row fusion-builder-row-inner fusion-row fusion-flex-align-items-flex-start fusion-flex-content-wrap\" style=\"width:104% !important;max-width:104% !important;margin-left: calc(-4% \/ 2 );margin-right: calc(-4% \/ 2 );\"><div class=\"fusion-layout-column fusion_builder_column_inner fusion-builder-nested-column-0 fusion-flex-column fusion-flex-align-self-center\" style=\"--awb-bg-size:cover;--awb-width-large:10%;--awb-margin-top-large:10px;--awb-spacing-right-large:0%;--awb-margin-bottom-large:10px;--awb-spacing-left-large:19.2%;--awb-width-medium:10%;--awb-order-medium:0;--awb-spacing-right-medium:0%;--awb-spacing-left-medium:19.2%;--awb-width-small:100%;--awb-order-small:0;--awb-spacing-right-small:1.92%;--awb-spacing-left-small:1.92%;\" data-scroll-devices=\"small-visibility,medium-visibility,large-visibility\"><div class=\"fusion-column-wrapper fusion-column-has-shadow fusion-flex-justify-content-center fusion-content-layout-column\"><i class=\"fb-icon-element-1 fb-icon-element fontawesome-icon fa-envelope fas circle-yes\" style=\"--awb-iconcolor:var(--awb-color5);--awb-iconcolor-hover:var(--awb-color5);--awb-circlecolor:var(--awb-color2);--awb-circlecolor-hover:var(--awb-color3);--awb-circlebordercolor-hover:var(--awb-color8);--awb-circlebordersize:0px;--awb-font-size:19.36px;--awb-width:38.72px;--awb-height:38.72px;--awb-line-height:38.72px;--awb-margin-top:0;--awb-margin-right:0;--awb-margin-bottom:0;--awb-margin-left:0;--awb-align-self:center;\"><\/i><\/div><\/div><div class=\"fusion-layout-column fusion_builder_column_inner fusion-builder-nested-column-1 fusion_builder_column_inner_1_3 1_3 fusion-flex-column fusion-flex-align-self-center\" style=\"--awb-bg-size:cover;--awb-width-large:33.333333333333%;--awb-margin-top-large:10px;--awb-spacing-right-large:5.76%;--awb-margin-bottom-large:10px;--awb-spacing-left-large:5.76%;--awb-width-medium:33.333333333333%;--awb-order-medium:0;--awb-spacing-right-medium:5.76%;--awb-spacing-left-medium:5.76%;--awb-width-small:100%;--awb-order-small:0;--awb-spacing-right-small:1.92%;--awb-spacing-left-small:1.92%;\" data-scroll-devices=\"small-visibility,medium-visibility,large-visibility\"><div class=\"fusion-column-wrapper fusion-column-has-shadow fusion-flex-justify-content-center fusion-content-layout-column\"><div class=\"fusion-text fusion-text-2 fusion-text-no-margin\" style=\"--awb-text-color:var(--awb-color5);--awb-margin-bottom:0px;\"><p><a href=\"mailto:info@macresac.com\">info@macresac.com<\/a><\/p>\n<\/div><\/div><\/div><div class=\"fusion-layout-column fusion_builder_column_inner fusion-builder-nested-column-2 fusion-flex-column fusion-flex-align-self-center\" style=\"--awb-bg-size:cover;--awb-width-large:10%;--awb-margin-top-large:10px;--awb-spacing-right-large:0%;--awb-margin-bottom-large:10px;--awb-spacing-left-large:19.2%;--awb-width-medium:10%;--awb-order-medium:0;--awb-spacing-right-medium:0%;--awb-spacing-left-medium:19.2%;--awb-width-small:100%;--awb-order-small:0;--awb-spacing-right-small:1.92%;--awb-spacing-left-small:1.92%;\" data-scroll-devices=\"small-visibility,medium-visibility,large-visibility\"><div class=\"fusion-column-wrapper fusion-column-has-shadow fusion-flex-justify-content-center fusion-content-layout-column\"><i class=\"fb-icon-element-2 fb-icon-element fontawesome-icon fa-phone-alt fas circle-yes\" style=\"--awb-iconcolor:var(--awb-color5);--awb-iconcolor-hover:var(--awb-color5);--awb-circlecolor:var(--awb-color2);--awb-circlecolor-hover:var(--awb-color3);--awb-circlebordersize:0px;--awb-font-size:19.36px;--awb-width:38.72px;--awb-height:38.72px;--awb-line-height:38.72px;--awb-margin-top:0;--awb-margin-right:0;--awb-margin-bottom:0;--awb-margin-left:0;--awb-align-self:center;\"><\/i><\/div><\/div><div class=\"fusion-layout-column fusion_builder_column_inner fusion-builder-nested-column-3 fusion_builder_column_inner_1_3 1_3 fusion-flex-column fusion-flex-align-self-center\" style=\"--awb-bg-size:cover;--awb-width-large:33.333333333333%;--awb-margin-top-large:10px;--awb-spacing-right-large:5.76%;--awb-margin-bottom-large:10px;--awb-spacing-left-large:5.76%;--awb-width-medium:33.333333333333%;--awb-order-medium:0;--awb-spacing-right-medium:5.76%;--awb-spacing-left-medium:5.76%;--awb-width-small:100%;--awb-order-small:0;--awb-spacing-right-small:1.92%;--awb-spacing-left-small:1.92%;\" data-scroll-devices=\"small-visibility,medium-visibility,large-visibility\"><div class=\"fusion-column-wrapper fusion-column-has-shadow fusion-flex-justify-content-center fusion-content-layout-column\"><div class=\"fusion-text fusion-text-3 fusion-text-no-margin\" style=\"--awb-text-color:var(--awb-color5);--awb-margin-bottom:0px;\"><p><a href=\"tel:+34977844201\" target=\"_blank\" rel=\"noopener\">977 84 42 01<\/a><\/p>\n<\/div><\/div><\/div><\/div><div style=\"--awb-margin-top:25px;--awb-margin-bottom:25px;--awb-popup-title-font-size:18px;--awb-popup-title-margin-top:2px;--awb-popup-title-margin-bottom:10px;--awb-popup-content-font-size:14px;\" class=\"awb-openstreet-map awb-openstreet-map-1\" data-map-style=\"osm-carto\" data-map-type=\"marker\" data-zoom=\"12.0\" data-zoomsnap=\"0.5\" data-zoomcontrol=\"1\" data-scrollwheelzoom=\"1\" data-dragging=\"1\" data-touchzoom=\"1\" data-dbclickzoom=\"1\" data-fitbounds=\"\" data-shape-color=\"rgba(22,159,219,1)\" data-shape-weight=\"3\"><div class=\"awb-openstreet-map-marker awb-openstreet-map-marker-1\" data-latitude=\"41.21282228002473\" data-longitude=\"1.1630570003391225\" data-icon=\"fa-map-marker-alt fas\" data-action=\"popup\"><div class=\"awb-openstreet-map-marker-icon-wrapper awb-openstreet-map-marker-anim-pulsating\" style=\"--awb-hover-background-color:var(--awb-color3);\"><i class=\"fa-map-marker-alt fas\"><\/i><\/div><div class=\"awb-openstreet-map-content-wrapper\"><h5 class=\"awb-openstreet-map-marker-title\">Oficina central<\/h5><div class=\"awb-openstreet-map-marker-content\">Cami Selva a Vilallonga, 16, 43470 La Selva del Camp, Tarragona<\/div><\/div><\/div><\/div><\/div><\/div><div class=\"fusion-layout-column fusion_builder_column fusion-builder-column-1 fusion_builder_column_1_2 1_2 fusion-flex-column\" style=\"--awb-bg-size:cover;--awb-width-large:50%;--awb-margin-top-large:0px;--awb-spacing-right-large:3.84%;--awb-margin-bottom-large:20px;--awb-spacing-left-large:3.84%;--awb-width-medium:50%;--awb-order-medium:0;--awb-spacing-right-medium:3.84%;--awb-spacing-left-medium:3.84%;--awb-width-small:100%;--awb-order-small:0;--awb-spacing-right-small:1.92%;--awb-spacing-left-small:1.92%;\"><div class=\"fusion-column-wrapper fusion-column-has-shadow fusion-flex-justify-content-flex-start fusion-content-layout-column\"><script charset=\"utf-8\" type=\"text\/javascript\" src=\"\/\/js-eu1.hsforms.net\/forms\/embed\/v2.js\"><\/script>\n<script>\n  hbspt.forms.create({\n    portalId: \"146984737\",\n    formId: \"adb6b96c-32e8-4d19-a5dc-fead0ecf9a87\",\n    region: \"eu1\"\n  });\n<\/script><\/div><\/div><\/div><\/div>\n","protected":false},"excerpt":{"rendered":"","protected":false},"author":1,"featured_media":1676,"parent":0,"menu_order":0,"comment_status":"closed","ping_status":"closed","template":"","meta":{"_acf_changed":false,"footnotes":""},"class_list":["post-1721","page","type-page","status-publish","has-post-thumbnail","hentry"],"acf":[],"yoast_head":"<!-- This site is optimized with the Yoast SEO plugin v27.2 - https:\/\/yoast.com\/product\/yoast-seo-wordpress\/ -->\n<title>Contact us - Aspla<\/title>\n<meta name=\"description\" content=\"Ponte en contacto con nosotros f\u00e1cilmente. Estamos aqu\u00ed para ayudarte con cualquier consulta o solicitud. Escr\u00edbenos o ll\u00e1manos hoy mismo.\" \/>\n<meta name=\"robots\" content=\"noindex, follow, max-snippet:-1, max-image-preview:large, max-video-preview:-1\" \/>\n<meta property=\"og:locale\" content=\"en_US\" \/>\n<meta property=\"og:type\" content=\"article\" \/>\n<meta property=\"og:title\" content=\"Contact us - Aspla\" \/>\n<meta property=\"og:description\" content=\"Ponte en contacto con nosotros f\u00e1cilmente. Estamos aqu\u00ed para ayudarte con cualquier consulta o solicitud. Escr\u00edbenos o ll\u00e1manos hoy mismo.\" \/>\n<meta property=\"og:url\" content=\"https:\/\/staging.nuevaaspla.eurocastaliahost4.com\/en\/contact-us\/\" \/>\n<meta property=\"og:site_name\" content=\"Aspla\" \/>\n<meta property=\"article:modified_time\" content=\"2025-12-05T12:36:48+00:00\" \/>\n<meta property=\"og:image\" content=\"https:\/\/staging.nuevaaspla.eurocastaliahost4.com\/wp-content\/uploads\/2025\/10\/botellasdeagua.jpg\" \/>\n\t<meta property=\"og:image:width\" content=\"1536\" \/>\n\t<meta property=\"og:image:height\" content=\"1024\" \/>\n\t<meta property=\"og:image:type\" content=\"image\/jpeg\" \/>\n<meta name=\"twitter:card\" content=\"summary_large_image\" \/>\n<meta name=\"twitter:label1\" content=\"Est. reading time\" \/>\n\t<meta name=\"twitter:data1\" content=\"1 minute\" \/>\n<script type=\"application\/ld+json\" class=\"yoast-schema-graph\">{\"@context\":\"https:\/\/schema.org\",\"@graph\":[{\"@type\":\"WebPage\",\"@id\":\"https:\/\/staging.nuevaaspla.eurocastaliahost4.com\/en\/contact-us\/\",\"url\":\"https:\/\/staging.nuevaaspla.eurocastaliahost4.com\/en\/contact-us\/\",\"name\":\"Contact us - Aspla\",\"isPartOf\":{\"@id\":\"https:\/\/staging.nuevaaspla.eurocastaliahost4.com\/en\/#website\"},\"primaryImageOfPage\":{\"@id\":\"https:\/\/staging.nuevaaspla.eurocastaliahost4.com\/en\/contact-us\/#primaryimage\"},\"image\":{\"@id\":\"https:\/\/staging.nuevaaspla.eurocastaliahost4.com\/en\/contact-us\/#primaryimage\"},\"thumbnailUrl\":\"https:\/\/staging.nuevaaspla.eurocastaliahost4.com\/wp-content\/uploads\/2025\/10\/botellasdeagua.jpg\",\"datePublished\":\"2025-08-13T10:15:06+00:00\",\"dateModified\":\"2025-12-05T12:36:48+00:00\",\"description\":\"Ponte en contacto con nosotros f\u00e1cilmente. Estamos aqu\u00ed para ayudarte con cualquier consulta o solicitud. Escr\u00edbenos o ll\u00e1manos hoy mismo.\",\"breadcrumb\":{\"@id\":\"https:\/\/staging.nuevaaspla.eurocastaliahost4.com\/en\/contact-us\/#breadcrumb\"},\"inLanguage\":\"en-US\",\"potentialAction\":[{\"@type\":\"ReadAction\",\"target\":[\"https:\/\/staging.nuevaaspla.eurocastaliahost4.com\/en\/contact-us\/\"]}]},{\"@type\":\"ImageObject\",\"inLanguage\":\"en-US\",\"@id\":\"https:\/\/staging.nuevaaspla.eurocastaliahost4.com\/en\/contact-us\/#primaryimage\",\"url\":\"https:\/\/staging.nuevaaspla.eurocastaliahost4.com\/wp-content\/uploads\/2025\/10\/botellasdeagua.jpg\",\"contentUrl\":\"https:\/\/staging.nuevaaspla.eurocastaliahost4.com\/wp-content\/uploads\/2025\/10\/botellasdeagua.jpg\",\"width\":1536,\"height\":1024},{\"@type\":\"BreadcrumbList\",\"@id\":\"https:\/\/staging.nuevaaspla.eurocastaliahost4.com\/en\/contact-us\/#breadcrumb\",\"itemListElement\":[{\"@type\":\"ListItem\",\"position\":1,\"name\":\"Aspla\",\"item\":\"https:\/\/staging.nuevaaspla.eurocastaliahost4.com\/en\/\"},{\"@type\":\"ListItem\",\"position\":2,\"name\":\"Contact us\"}]},{\"@type\":\"WebSite\",\"@id\":\"https:\/\/staging.nuevaaspla.eurocastaliahost4.com\/en\/#website\",\"url\":\"https:\/\/staging.nuevaaspla.eurocastaliahost4.com\/en\/\",\"name\":\"Aspla\",\"description\":\"Pl\u00e1sticos espa\u00f1oles\",\"publisher\":{\"@id\":\"https:\/\/staging.nuevaaspla.eurocastaliahost4.com\/en\/#organization\"},\"potentialAction\":[{\"@type\":\"SearchAction\",\"target\":{\"@type\":\"EntryPoint\",\"urlTemplate\":\"https:\/\/staging.nuevaaspla.eurocastaliahost4.com\/en\/?s={search_term_string}\"},\"query-input\":{\"@type\":\"PropertyValueSpecification\",\"valueRequired\":true,\"valueName\":\"search_term_string\"}}],\"inLanguage\":\"en-US\"},{\"@type\":\"Organization\",\"@id\":\"https:\/\/staging.nuevaaspla.eurocastaliahost4.com\/en\/#organization\",\"name\":\"Aspla\",\"url\":\"https:\/\/staging.nuevaaspla.eurocastaliahost4.com\/en\/\",\"logo\":{\"@type\":\"ImageObject\",\"inLanguage\":\"en-US\",\"@id\":\"https:\/\/staging.nuevaaspla.eurocastaliahost4.com\/en\/#\/schema\/logo\/image\/\",\"url\":\"\",\"contentUrl\":\"\",\"caption\":\"Aspla\"},\"image\":{\"@id\":\"https:\/\/staging.nuevaaspla.eurocastaliahost4.com\/en\/#\/schema\/logo\/image\/\"}}]}<\/script>\n<!-- \/ Yoast SEO plugin. -->","yoast_head_json":{"title":"Contact us - Aspla","description":"Ponte en contacto con nosotros f\u00e1cilmente. Estamos aqu\u00ed para ayudarte con cualquier consulta o solicitud. Escr\u00edbenos o ll\u00e1manos hoy mismo.","robots":{"index":"noindex","follow":"follow","max-snippet":"max-snippet:-1","max-image-preview":"max-image-preview:large","max-video-preview":"max-video-preview:-1"},"og_locale":"en_US","og_type":"article","og_title":"Contact us - Aspla","og_description":"Ponte en contacto con nosotros f\u00e1cilmente. Estamos aqu\u00ed para ayudarte con cualquier consulta o solicitud. Escr\u00edbenos o ll\u00e1manos hoy mismo.","og_url":"https:\/\/staging.nuevaaspla.eurocastaliahost4.com\/en\/contact-us\/","og_site_name":"Aspla","article_modified_time":"2025-12-05T12:36:48+00:00","og_image":[{"width":1536,"height":1024,"url":"https:\/\/staging.nuevaaspla.eurocastaliahost4.com\/wp-content\/uploads\/2025\/10\/botellasdeagua.jpg","type":"image\/jpeg"}],"twitter_card":"summary_large_image","twitter_misc":{"Est. reading time":"1 minute"},"schema":{"@context":"https:\/\/schema.org","@graph":[{"@type":"WebPage","@id":"https:\/\/staging.nuevaaspla.eurocastaliahost4.com\/en\/contact-us\/","url":"https:\/\/staging.nuevaaspla.eurocastaliahost4.com\/en\/contact-us\/","name":"Contact us - Aspla","isPartOf":{"@id":"https:\/\/staging.nuevaaspla.eurocastaliahost4.com\/en\/#website"},"primaryImageOfPage":{"@id":"https:\/\/staging.nuevaaspla.eurocastaliahost4.com\/en\/contact-us\/#primaryimage"},"image":{"@id":"https:\/\/staging.nuevaaspla.eurocastaliahost4.com\/en\/contact-us\/#primaryimage"},"thumbnailUrl":"https:\/\/staging.nuevaaspla.eurocastaliahost4.com\/wp-content\/uploads\/2025\/10\/botellasdeagua.jpg","datePublished":"2025-08-13T10:15:06+00:00","dateModified":"2025-12-05T12:36:48+00:00","description":"Ponte en contacto con nosotros f\u00e1cilmente. Estamos aqu\u00ed para ayudarte con cualquier consulta o solicitud. Escr\u00edbenos o ll\u00e1manos hoy mismo.","breadcrumb":{"@id":"https:\/\/staging.nuevaaspla.eurocastaliahost4.com\/en\/contact-us\/#breadcrumb"},"inLanguage":"en-US","potentialAction":[{"@type":"ReadAction","target":["https:\/\/staging.nuevaaspla.eurocastaliahost4.com\/en\/contact-us\/"]}]},{"@type":"ImageObject","inLanguage":"en-US","@id":"https:\/\/staging.nuevaaspla.eurocastaliahost4.com\/en\/contact-us\/#primaryimage","url":"https:\/\/staging.nuevaaspla.eurocastaliahost4.com\/wp-content\/uploads\/2025\/10\/botellasdeagua.jpg","contentUrl":"https:\/\/staging.nuevaaspla.eurocastaliahost4.com\/wp-content\/uploads\/2025\/10\/botellasdeagua.jpg","width":1536,"height":1024},{"@type":"BreadcrumbList","@id":"https:\/\/staging.nuevaaspla.eurocastaliahost4.com\/en\/contact-us\/#breadcrumb","itemListElement":[{"@type":"ListItem","position":1,"name":"Aspla","item":"https:\/\/staging.nuevaaspla.eurocastaliahost4.com\/en\/"},{"@type":"ListItem","position":2,"name":"Contact us"}]},{"@type":"WebSite","@id":"https:\/\/staging.nuevaaspla.eurocastaliahost4.com\/en\/#website","url":"https:\/\/staging.nuevaaspla.eurocastaliahost4.com\/en\/","name":"Aspla","description":"Pl\u00e1sticos espa\u00f1oles","publisher":{"@id":"https:\/\/staging.nuevaaspla.eurocastaliahost4.com\/en\/#organization"},"potentialAction":[{"@type":"SearchAction","target":{"@type":"EntryPoint","urlTemplate":"https:\/\/staging.nuevaaspla.eurocastaliahost4.com\/en\/?s={search_term_string}"},"query-input":{"@type":"PropertyValueSpecification","valueRequired":true,"valueName":"search_term_string"}}],"inLanguage":"en-US"},{"@type":"Organization","@id":"https:\/\/staging.nuevaaspla.eurocastaliahost4.com\/en\/#organization","name":"Aspla","url":"https:\/\/staging.nuevaaspla.eurocastaliahost4.com\/en\/","logo":{"@type":"ImageObject","inLanguage":"en-US","@id":"https:\/\/staging.nuevaaspla.eurocastaliahost4.com\/en\/#\/schema\/logo\/image\/","url":"","contentUrl":"","caption":"Aspla"},"image":{"@id":"https:\/\/staging.nuevaaspla.eurocastaliahost4.com\/en\/#\/schema\/logo\/image\/"}}]}},"_links":{"self":[{"href":"https:\/\/staging.nuevaaspla.eurocastaliahost4.com\/en\/wp-json\/wp\/v2\/pages\/1721","targetHints":{"allow":["GET"]}}],"collection":[{"href":"https:\/\/staging.nuevaaspla.eurocastaliahost4.com\/en\/wp-json\/wp\/v2\/pages"}],"about":[{"href":"https:\/\/staging.nuevaaspla.eurocastaliahost4.com\/en\/wp-json\/wp\/v2\/types\/page"}],"author":[{"embeddable":true,"href":"https:\/\/staging.nuevaaspla.eurocastaliahost4.com\/en\/wp-json\/wp\/v2\/users\/1"}],"replies":[{"embeddable":true,"href":"https:\/\/staging.nuevaaspla.eurocastaliahost4.com\/en\/wp-json\/wp\/v2\/comments?post=1721"}],"version-history":[{"count":2,"href":"https:\/\/staging.nuevaaspla.eurocastaliahost4.com\/en\/wp-json\/wp\/v2\/pages\/1721\/revisions"}],"predecessor-version":[{"id":2155,"href":"https:\/\/staging.nuevaaspla.eurocastaliahost4.com\/en\/wp-json\/wp\/v2\/pages\/1721\/revisions\/2155"}],"wp:featuredmedia":[{"embeddable":true,"href":"https:\/\/staging.nuevaaspla.eurocastaliahost4.com\/en\/wp-json\/wp\/v2\/media\/1676"}],"wp:attachment":[{"href":"https:\/\/staging.nuevaaspla.eurocastaliahost4.com\/en\/wp-json\/wp\/v2\/media?parent=1721"}],"curies":[{"name":"wp","href":"https:\/\/api.w.org\/{rel}","templated":true}]}}